{"id":1366,"date":"2021-09-13T14:06:45","date_gmt":"2021-09-13T14:06:45","guid":{"rendered":"https:\/\/www.bridge4fun.pt\/?page_id=1366"},"modified":"2021-09-15T17:41:40","modified_gmt":"2021-09-15T17:41:40","slug":"boletim-informativo-setembro-2021","status":"publish","type":"page","link":"https:\/\/www.bridge4fun.pt\/?page_id=1366","title":{"rendered":"Boletim informativo &#8211; Setembro 2021"},"content":{"rendered":"<p>[et_pb_section fb_built=&#8221;1&#8243; fullwidth=&#8221;on&#8221; admin_label=&#8221;Header Section&#8221; _builder_version=&#8221;3.22&#8243; background_color=&#8221;#dadde2&#8243;][et_pb_fullwidth_header title=&#8221;B4F&#8221; subhead=&#8221;boletim informativo&#8221; text_orientation=&#8221;center&#8221; _builder_version=&#8221;4.0.9&#8243; title_font=&#8221;Open Sans|700||on|||||&#8221; title_text_color=&#8221;#ffffff&#8221; title_font_size=&#8221;9vw&#8221; title_letter_spacing=&#8221;15px&#8221; title_line_height=&#8221;1.4em&#8221; content_font=&#8221;||||||||&#8221; subhead_font=&#8221;Open Sans|700||on|||||&#8221; subhead_text_color=&#8221;rgba(12,12,12,0.2)&#8221; subhead_font_size=&#8221;24px&#8221; subhead_letter_spacing=&#8221;7px&#8221; subhead_line_height=&#8221;1.4em&#8221; background_color=&#8221;rgba(255, 255, 255, 0)&#8221; background_enable_image=&#8221;off&#8221; background_position=&#8221;bottom_center&#8221; custom_padding=&#8221;0%||0.1%|||&#8221; animation_style=&#8221;zoom&#8221; animation_direction=&#8221;bottom&#8221; animation_intensity_zoom=&#8221;8%&#8221; title_text_shadow_style=&#8221;preset5&#8243; title_text_shadow_color=&#8221;#0C71C3&#8243; button_one_text_size__hover_enabled=&#8221;off&#8221; button_two_text_size__hover_enabled=&#8221;off&#8221; button_one_text_color__hover_enabled=&#8221;off&#8221; button_two_text_color__hover_enabled=&#8221;off&#8221; button_one_border_width__hover_enabled=&#8221;off&#8221; button_two_border_width__hover_enabled=&#8221;off&#8221; button_one_border_color__hover_enabled=&#8221;off&#8221; button_two_border_color__hover_enabled=&#8221;off&#8221; button_one_border_radius__hover_enabled=&#8221;off&#8221; button_two_border_radius__hover_enabled=&#8221;off&#8221; button_one_letter_spacing__hover_enabled=&#8221;off&#8221; button_two_letter_spacing__hover_enabled=&#8221;off&#8221; button_one_bg_color__hover_enabled=&#8221;off&#8221; button_two_bg_color__hover_enabled=&#8221;off&#8221;][\/et_pb_fullwidth_header][\/et_pb_section][et_pb_section fb_built=&#8221;1&#8243; _builder_version=&#8221;4.6.0&#8243; min_height=&#8221;238px&#8221; custom_padding=&#8221;3px|0px|0px|0px||&#8221;][et_pb_row _builder_version=&#8221;4.6.0&#8243; _module_preset=&#8221;default&#8221;][et_pb_column type=&#8221;4_4&#8243; _builder_version=&#8221;4.6.0&#8243; _module_preset=&#8221;default&#8221;][et_pb_toggle title=&#8221;EDITORIAL&#8221; _builder_version=&#8221;4.8.1&#8243; _module_preset=&#8221;default&#8221; title_font_size=&#8221;26px&#8221; background_color=&#8221;rgba(12,247,235,0.15)&#8221; title_text_shadow_style=&#8221;preset1&#8243;]<\/p>\n<p>Ap\u00f3s um longo interregno, voltamos ao vosso contacto com o nosso boletim informativo.<\/p>\n<p>Em Janeiro do corrente ano, \u00faltimo n\u00famero publicado, demos conta do agravamento da situa\u00e7\u00e3o sanit\u00e1ria que veio impedir o desejado regresso do bridge ao pano verde. De ent\u00e3o para c\u00e1 e de crise em crise continu\u00e1mos a viver condicionados e sem previs\u00f5es para o regresso \u00e0 normalidade. O bridge online continuou a ser a solu\u00e7\u00e3o poss\u00edvel. Foi ent\u00e3o que em Fevereiro apareceu uma nova plataforma que, n\u00e3o resolvendo tudo, nos permite replicar atrav\u00e9s de som e imagem uma parte do ambiente do bridge em sala.<\/p>\n<p>O Real Bridge tem permitido, para al\u00e9m da retoma de actividade de v\u00e1rios clubes, a realiza\u00e7\u00e3o de algumas provas oficiais das Associa\u00e7\u00f5es Regionais e da Federa\u00e7\u00e3o. Com a vacina\u00e7\u00e3o a atingir n\u00edveis de seguran\u00e7a muito significativos a\u00ed est\u00e1, finalmente, o bridge presencial. A ARBL disputa o Campeonato de Equipas Mistas e a FPB prepara-se para p\u00f4r em andamento a 1\u00aa fase do Campeonato Nacional de Equipas, com organiza\u00e7\u00e3o delegada \u00e0 ARBN.<\/p>\n<p>S\u00e3o, por certo, muitas ainda as retic\u00eancias e os receios de muitos praticantes, mas h\u00e1 que seguir em frente e retomar a nossa actividade normal, desde que garantidas todas as condi\u00e7\u00f5es de seguran\u00e7a quer das instala\u00e7\u00f5es onde as provas v\u00e3o decorrer, quer do controlo na utiliza\u00e7\u00e3o dos materiais de jogo e na circula\u00e7\u00e3o dos praticantes em espa\u00e7os fechados que, acredito, todas as entidades respons\u00e1veis estejam em condi\u00e7\u00f5es de assegurar.\u00a0\u00a0<\/p>\n<p>Todo este inferno em que temos vivido pode ainda, assim espero, trazer ao bridge um complemento importante para a actividade competitiva e, acima de tudo, para projectos de forma\u00e7\u00e3o. Com efeito as op\u00e7\u00f5es online oferecem excelentes condi\u00e7\u00f5es para suprir problemas como falta ou exiguidade de espa\u00e7os, para desenvolver iniciativas diversificadas como sejam, por exemplo, provas em simult\u00e2neo, debates, confer\u00eancias, AG das AR&#8217;s e da FPB promovendo uma maior participa\u00e7\u00e3o de praticantes na vida federativa. Pode ainda constituir-se como uma excelente ferramenta na promo\u00e7\u00e3o da modalidade.\u00a0<\/p>\n<p>No que respeita ao B4F \u00e9 do vosso conhecimento que o espa\u00e7o f\u00edsico onde v\u00ednhamos desenvolvendo a nossa actividade regular (CMN) n\u00e3o tem ainda condi\u00e7\u00f5es para recome\u00e7ar. As mesas e o espa\u00e7o dispon\u00edvel n\u00e3o s\u00e3o compat\u00edveis com as exig\u00eancias sanit\u00e1rias em vigor. Estamos a procurar solu\u00e7\u00f5es alternativas e empenhados em regressar, t\u00e3o depressa quanto poss\u00edvel, ao bridge presencial. Mas nunca dispon\u00edveis para solu\u00e7\u00f5es que ponham em risco a sa\u00fade dos nossos praticantes.\u00a0<\/p>\n<p><span style=\"font-size: 14px;\">Com ou sem espa\u00e7o f\u00edsico onde jogar iremos manter a nossa actividade online, seja em iniciativas competitivas, seja em ac\u00e7\u00f5es de forma\u00e7\u00e3o que estamos a preparar. Para j\u00e1 mant\u00eam-se os torneios regulares \u00e0s 4\u00aa feiras, com classifica\u00e7\u00f5es por torneio e acumuladas (em outro local deste boletim vamos dar conta das classifica\u00e7\u00f5es acumuladas at\u00e9 ao momento) e estamos a preparar um torneio na modalidade de equipas em formato ainda por definir.<\/span><\/p>\n<p><span style=\"font-size: 14px;\">Finalmente realiz\u00e1mos a AG eleitoral do B4F onde foram eleitos os \u00d3rg\u00e3os Sociais para os pr\u00f3ximos 2 anos. Apesar de se ter apresentado a escrut\u00ednio uma \u00fanica lista, participaram na elei\u00e7\u00e3o 54,74% dos nossos associados.<\/span><\/p>\n<p>Sabemos que podemos contar convosco para continuar o nosso projecto, da mesma forma que estamos \u00e0 vossa disposi\u00e7\u00e3o para ouvir sugest\u00f5es e ideias.<\/p>\n<p>Sauda\u00e7\u00f5es<\/p>\n<p>Luis Oliveira<\/p>\n<p>&nbsp;<\/p>\n<p>[\/et_pb_toggle][et_pb_toggle title=&#8221;BREVES&#8221; _builder_version=&#8221;4.8.1&#8243; _module_preset=&#8221;default&#8221; title_font_size=&#8221;26px&#8221; background_color=&#8221;rgba(124,218,36,0.2)&#8221; custom_margin=&#8221;-15px|||||&#8221; title_text_shadow_style=&#8221;preset1&#8243;]<\/p>\n<p>Portugal participou com 4 selec\u00e7\u00f5es nacionais na prova de apuramento da EBL para os pr\u00f3ximos Campeonatos do Mundo. O realce vai para o brilhante 5\u00ba lugar da equipa Mista que lhe valeu o apuramento. Aos praticantes Alexandra Rosado, Ana Lu\u00edsa Brito, Sofia Pessoa, Jorge Cruzeiro, Juliano Barbosa, Paulo Gon\u00e7alves Pereira e ao NPC Jo\u00e3o Paes Carvalho as nossos parab\u00e9ns e os votos de muitas felicidades para o Mundial.\u00a0<\/p>\n<p>No que respeita \u00e0s restantes equipas entendemos que todas elas se portaram em bom n\u00edvel &#8211; 13\u00ba lugar para as Senhoras, com apenas 4 jogadoras e que se mantiveram nos lugares de apuramento at\u00e9 ao 13\u00ba encontro, tamb\u00e9m em 13\u00ba lugar a forma\u00e7\u00e3o Senior que se manteve na luta pelo apuramento at\u00e9 ao \u00faltimo dia de prova. Finalmente a equipa Open a terminar num honroso 18\u00ba lugar.<\/p>\n<p>Parab\u00e9ns a todos<\/p>\n<p>[\/et_pb_toggle][et_pb_toggle title=&#8221;PROVAS DE REGULARIDADE NO B4F&#8221; _builder_version=&#8221;4.8.1&#8243; _module_preset=&#8221;default&#8221; title_font_size=&#8221;26px&#8221; background_color=&#8221;rgba(146,205,211,0.49)&#8221; custom_margin=&#8221;-15px|||||&#8221; title_text_shadow_style=&#8221;preset1&#8243;]<\/p>\n<p>Desde o in\u00edcio de Fevereiro do corrente ano que inici\u00e1mos a realiza\u00e7\u00e3o de torneios de regularidade na plataforma Real Bridge. Nos 35 torneios disputados at\u00e9 ao momento participaram 701 pares numa m\u00e9dia de cerca de 9,5 mesas por torneio. Luis Oliveira, Inoc\u00eancio Ara\u00fajo e M\u00e1rio Reis comandam a classifica\u00e7\u00e3o acumulada de 1\u00aa categorias, Paulo Coelho, Cristina Pouseiro e Rafael Sacramento lideram as 2\u00aa categorias e Domingos Andrade Sousa, Filipe Amado (ex-aequo), Jos\u00e9 Augusto Franco e Maria Jos\u00e9 Franco (ex-aequo) dominam as 3\u00aa categorias. A lista completa pode ser consultada aqui.<\/p>\n<p>Organiz\u00e1mos um campeonato interno de equipas para selec\u00e7\u00e3o dos nossos representantes \u00e0s provas de oficiais de clubes da \u00e9poca em curso que contou com a participa\u00e7\u00e3o de 10 equipas constitu\u00eddas exclusivamente por s\u00f3cios do clube e cujos resultados podem ser consultados na p\u00e1gina de Not\u00edcias do B4F.<\/p>\n<p>[\/et_pb_toggle][\/et_pb_column][\/et_pb_row][\/et_pb_section][et_pb_section fb_built=&#8221;1&#8243; admin_label=&#8221;Intro Section&#8221; _builder_version=&#8221;3.22&#8243; custom_margin=&#8221;32px|||||&#8221; custom_padding=&#8221;0px|0px|60px|0px||&#8221;][et_pb_row _builder_version=&#8221;4.6.0&#8243; _module_preset=&#8221;default&#8221; min_height=&#8221;135px&#8221; custom_margin=&#8221;-26px|auto||auto||&#8221; custom_padding=&#8221;5px|||||&#8221;][et_pb_column type=&#8221;4_4&#8243; _builder_version=&#8221;4.6.0&#8243; _module_preset=&#8221;default&#8221;][et_pb_toggle title=&#8221;O CANTINHO DA T\u00c9CNICA&#8221; _builder_version=&#8221;4.8.1&#8243; _module_preset=&#8221;default&#8221; title_font_size=&#8221;26px&#8221; background_color=&#8221;rgba(224,43,32,0.13)&#8221; min_height=&#8221;65px&#8221; custom_margin=&#8221;-23px|||||&#8221; custom_padding=&#8221;15px|||0px||&#8221; title_text_shadow_style=&#8221;preset1&#8243;]<\/p>\n<p>O leil\u00e3o competitivo tem vindo a verificar muitas e significativas altera\u00e7\u00f5es com o aparecimento de ferramentas que nos permitem abordar com maior confian\u00e7a a crescente agressividade dos leil\u00f5es. Hoje em dia \u00e9 vulgar assistir a aberturas de n\u00edvel 1 com valores que seriam considerados crimes graves h\u00e1 poucos anos atr\u00e1s. As aberturas com valores distribucionais passaram a ter um objectivo de obstru\u00e7\u00e3o do leil\u00e3o advers\u00e1rio a juntar \u00e0 natural inten\u00e7\u00e3o de construir um contrato para o campo.\u00a0<\/p>\n<p>Da mesma forma as interven\u00e7\u00f5es no leil\u00e3o advers\u00e1rio s\u00e3o cada vez mais agressivas tendo passado para segundo plano crit\u00e9rios de seguran\u00e7a. \u00c9 hoje cada vez menos frequente a exist\u00eancia de leil\u00f5es a dois.<\/p>\n<p>Uma das ferramentas mais eficazes, at\u00e9 porque v\u00e1lida para o campo do abridor e para o campo defensivo \u00e9 a utiliza\u00e7\u00e3o do 2ST ap\u00f3s abertura &#8211; interven\u00e7\u00e3o que mostra um jogo de apoio ao naipe de abertura ou ao naipe de interven\u00e7\u00e3o (se rico), com 4 ou mais cartas e 10 ou mais pontos. A quest\u00e3o que se coloca de imediato \u00e9 o que fazer \u00e0s m\u00e3os com 11-12 pontos honra e defesa no naipe advers\u00e1rio: a solu\u00e7\u00e3o passa por come\u00e7ar com Dobre seguido de ST. Vejamos alguns exemplos:<\/p>\n<p>Est\u00e1 em SUL e tem a seguinte m\u00e3o:<\/p>\n<p><span>\u2660 RV87<br \/> <\/span><span>\u2665 2<br \/> <\/span>\u2666 AV52<br \/> <span>\u2663<\/span>\u00a0RV84<\/p>\n<p><span>O leil\u00e3o foi:<br \/> <\/span><span style=\"font-size: 14px;\">Oeste\u00a0 \u00a0 \u00a0Norte\u00a0 \u00a0 \u00a0Este\u00a0 \u00a0 \u00a0Sul<br \/> <\/span><span style=\"font-size: 14px;\">1<\/span><span style=\"font-size: 14px;\">\u2665 <\/span><span style=\"font-size: 14px;\"> \u00a0 \u00a0 \u00a0 \u00a0 \u00a0 1<span>\u2660<\/span> \u00a0 \u00a0 \u00a0 \u00a0 \u00a0 \u00a0 2\u2665\u00a0 \u00a0 \u00a0 \u00a02ST = 4+ espadas, 10 mais pontos<br \/><\/span><span style=\"font-size: 14px;\">3<span>\u2665\u00a0 \u00a0 \u00a0 \u00a0 \u00a0 P\u00a0 \u00a0 \u00a0 \u00a0 \u00a0 \u00a0 \u00a0 \u00a0P\u00a0 \u00a0 \u00a0 \u00a0 \u00a0Dbl = mostra for\u00e7a adicional. O parceiro pode passar, marcar 3\u2660 se m\u00ednimo na interven\u00e7\u00e3o ou reavaliar e marcar partida.<\/span><\/span><\/p>\n<p>A m\u00e3o do parceiro pode ser qualquer coisa como:<\/p>\n<p><span>\u2660 AD654\u00a0 \u00a0<br \/> <\/span><span>\u2665 974\u00a0 \u00a0 \u00a0 \u00a0 \u00a0 \u00a0 \u00a0 \u00a0 \u00a0\u00a0<br \/> <\/span>\u2666 1096\u00a0 \u00a0 \u00a0 \u00a0 \u00a0 \u00a0 \u00a0 \u00a0\u00a0<br \/> <span>\u2663<\/span>\u00a0A7\u00a0 \u00a0 \u00a0 \u00a0 \u00a0 \u00a0 \u00a0 \u00a0 \u00a0 \u00a0e 4<span>\u2660 s\u00e3o mais ou menos \u00e0 prova de bala.<\/span><\/p>\n<p>Substitua o\u00a0<span>\u2663<\/span>A pela\u00a0<span>\u2663<\/span>D e mesmo assim 4<span>\u2660 \u00e9 um contrato jog\u00e1vel se bem que dif\u00edcil de alcan\u00e7ar.\u00a0<\/span><\/p>\n<p><span>Agora a m\u00e3o de Sul \u00e9::<\/span><\/p>\n<p><span>\u2660 R7<br \/> <\/span><span>\u2665 RV5<br \/> <\/span>\u2666 A852<br \/> <span>\u2663<\/span>\u00a0V854<\/p>\n<p><span>O leil\u00e3o foi:<br \/> <\/span><span>Oeste\u00a0 \u00a0 \u00a0Norte\u00a0 \u00a0 \u00a0Este\u00a0 \u00a0 \u00a0Sul<br \/> <\/span><span>1<\/span><span>\u2665 <\/span><span> \u00a0 \u00a0 \u00a0 \u00a0 \u00a0 1\u2660 \u00a0 \u00a0 \u00a0 \u00a0 \u00a0 \u00a0 2\u2665\u00a0 \u00a0 \u00a0 \u00a0DBL<br \/>P\u00a0 \u00a0 \u00a0 \u00a0 \u00a0 \u00a0 2\u2660\u00a0 \u00a0 \u00a0 \u00a0 \u00a0 \u00a0 \u00a0P\u00a0 \u00a0 \u00a0 \u00a0 \u00a0 2ST = 11-12 pontos com 2 cartas de espadas, 1 1\/2 defesa a copas e 11-12 pontos de figura.<\/span><\/p>\n<p><span>Para mais informa\u00e7\u00f5es sobre a utiliza\u00e7\u00e3o desta ferramenta, contacte-nos.<\/span><\/p>\n<p>&nbsp;<\/p>\n<p>[\/et_pb_toggle][\/et_pb_column][\/et_pb_row][et_pb_row _builder_version=&#8221;4.6.0&#8243; _module_preset=&#8221;default&#8221; min_height=&#8221;135px&#8221; custom_margin=&#8221;-26px|auto||auto||&#8221; custom_padding=&#8221;5px|||||&#8221;][et_pb_column type=&#8221;4_4&#8243; _builder_version=&#8221;4.6.0&#8243; _module_preset=&#8221;default&#8221;][et_pb_toggle title=&#8221;ESPA\u00c7O DE OPINI\u00c3O E ENTREVISTA&#8221; _builder_version=&#8221;4.8.1&#8243; _module_preset=&#8221;default&#8221; title_font_size=&#8221;26px&#8221; body_font=&#8221;||||||||&#8221; background_color=&#8221;rgba(181,129,25,0.13)&#8221; custom_margin=&#8221;-50px|||||&#8221; custom_padding=&#8221;11px|||||&#8221; hover_enabled=&#8221;0&#8243; title_text_shadow_style=&#8221;preset1&#8243; sticky_enabled=&#8221;0&#8243;]<\/p>\n<p><span style=\"font-size: 14px;\">O entrevistado de hoje \u00e9 o s\u00f3cio do B4F mais recentemente filiado na FPB, Miguel Ferrari. Em plena pandemia o Miguel contactou-nos por estar interessado em ter aulas de bridge. Os cursos de Inicia\u00e7\u00e3o s\u00e3o, como se sabe, essencialmente pr\u00e1ticos e destinados a universos de 4 ou mais alunos. Algo reticente em meter-me nesta aventura (ainda para mais porque se tratava da minha estreia em forma\u00e7\u00f5es online) acabei por aceitar o desafio porque senti no Miguel uma f\u00e9rrea determina\u00e7\u00e3o em aprender um jogo do qual pouco conhecia. Em boa hora o fiz!\u00a0<\/span><\/p>\n<p><span style=\"font-size: 14px;\">Convido-vos, portanto, em conhecer um pouco mais do Miguel e as raz\u00f5es que o trouxeram at\u00e9 n\u00f3s<\/span><\/p>\n<p><strong style=\"font-size: 14px;\">1 \u2013 Como \u00e9 que aconteceu essa tua determina\u00e7\u00e3o em aprender a jogar bridge?<\/strong><\/p>\n<p><span style=\"font-size: 11pt; font-family: inherit; color: #1f497d; font-weight: normal;\"><o:p><\/p>\n<p>O meu gosto em jogar cartas vem desde muito novo, cerca de 6\/7 anos, quando comecei a jogar \u00e0 bisca e ao burro com a minha av\u00f3, que ficava algumas temporadas em nossa casa. Depois disso veio o king, que joguei muito desde os 10 anos na escola, com os amigos de rua, nas f\u00e9rias e mais tarde na faculdade. Por fim, seguiu-se o poker, jogo que comecei a estudar tamb\u00e9m nos tempos de faculdade, chegando mesmo a tornar-me semi-profissional.<\/p>\n<p>Sempre adorei cartas e sempre joguei. No entanto, sentia que o poker n\u00e3o era bem o meu jogo pois tinha muita an\u00e1lise de rea\u00e7\u00f5es e o king era um jogo relativamente f\u00e1cil.<\/p>\n<p>Sempre ouvi falar em bridge. J\u00e1 tinha tentado aprender, mas talvez porque n\u00e3o ter encontrado o canal certo nem amigos que jogassem, n\u00e3o desenvolvi esse bichinho. <br \/> No final do ano passado, com as restri\u00e7\u00f5es impostas pela COVID, decidi procurar uma app que tivesse alguma coisa de bridge. Encontrei a \u201cFunbridge\u201d que tinha uma explica\u00e7\u00e3o muito interessante para iniciantes de bridge e comecei a jogar.<\/p>\n<p>Rapidamente comecei a perceber que sozinho seria dif\u00edcil chegar a um patamar aceit\u00e1vel e decidi procurar ajuda. Vi os manuais escritos pelo Lu\u00eds Oliveira e descobri que havia uma federa\u00e7\u00e3o. Depois, enviei um mail para ambos para perceber qual seria o melhor lugar para aprender ou se havia algu\u00e9m que pudesse ensinar. Da federa\u00e7\u00e3o n\u00e3o obtive resposta, mas o professor Lu\u00eds disse que ele pr\u00f3prio dava aulas. Fiquei radiante e decidi avan\u00e7ar mesmo que apenas online.<\/p>\n<p>A partir da\u00ed, com a enorme determina\u00e7\u00e3o e sabedoria do Lu\u00eds apaixonei-me pelo jogo e decidi aprender e desenvolver todo o conhecimento de bridge. Obrigado Lu\u00eds!! Tenho tido aulas regulares muito boas desde o final do ano passado e treino todos os dias na app para tentar ser melhor jogador e divertir-me cada vez mais com o jogo.<\/p>\n<p><\/o:p><\/span><\/p>\n<p><strong style=\"font-size: 14px;\">2 \u2013 \u00c9 evidente que rapidamente atingiste um patamar muito pouco vulgar para quem come\u00e7a a aprendizagem do zero e ainda por cima online e s\u00f3zinho em mesa. Conta-nos um pouco deste teu trajecto e das diferentes sensa\u00e7\u00f5es que foste sentindo \u00e0 medida que a forma\u00e7\u00e3o ia avan\u00e7ando.<\/strong><span style=\"font-size: 14px;\"><\/span><\/p>\n<p>O bridge \u00e9 um jogo muito complicado. Contudo, conseguimos sempre chegar mais longe se nos focarmos e tivermos vontade de aprender. E com esfor\u00e7o claro! Como tinha algumas bases de cartas de todos os anos em que joguei, e com as excelentes aulas, comecei a melhorar o meu jogo e aos poucos fui sendo inserido em competi\u00e7\u00e3o. Algumas frustra\u00e7\u00f5es e erros normais nunca me tiraram a vontade de continuar.<\/p>\n<p>Em mar\u00e7o, tive a sorte de o meu professor Lu\u00eds me apresentar um parceiro que j\u00e1 tinha muita experi\u00eancia e vontade de continuar a aprender, o Pedro Gil. Ele n\u00e3o se importou de se juntar a uma pessoa iniciada e de aprender um sistema comum para que ambos pud\u00e9ssemos evoluir em conjunto. Desde essa altura, raramente falhamos o torneio de 4\u00aa feira \u00e0 noite do Bridge4fun que tem sido fundamental para a minha evolu\u00e7\u00e3o.<\/p>\n<p>O fim do confinamento e menos tempo dispon\u00edvel n\u00e3o me tiraram a vontade de continuar a aprender. Sinto que o jogo \u00e9 muito dif\u00edcil e tem muito estudo envolvido mas acho que tenho possibilidade de melhorar e de me ir divertindo \u00e0 medida que for melhorando o meu n\u00edvel de jogo.<\/p>\n<p><span style=\"color: #1f497d; font-family: inherit; font-size: 11pt;\"><\/span><\/p>\n<p><strong>3 \u2013 \u00c9s um participante ass\u00edduo em\u00a0 torneios online n\u00e3o tendo, at\u00e9 ao momento, participado em qualquer actividade ao vivo. Quais as tuas impress\u00f5es sobre o ambiente competitivo que tens encontrado e a forma como tens sido recebido.\u00a0<\/strong><\/p>\n<p>O ambiente \u00e9 excelente nos torneios online bem como na plataforma do Real Bridge mas gostava muito de jogar ao vivo e conhecer as pessoas. Sou uma pessoa de contacto directo e sinto que posso trocar muito boas impress\u00f5es sobre bridge e outras mat\u00e9rias com as pessoas que fui conhecendo.<\/p>\n<p>Muito importante t\u00eam sido os torneios que tenho feito regularmente com o parceiro Pedro Gil e com o Lu\u00eds Oliveira, e no princ\u00edpio, com o Rui Borges que foi das primeiras pessoas que apanhei em ambiente competitivo. Todos me acolhem bem e t\u00eam sido muito agrad\u00e1veis comigo.<\/p>\n<p>Agora quero conhecer pessoalmente todos. Infelizmente, ainda nem sequer tive oportunidade de conhecer pessoalmente o Lu\u00eds nem os parceiros habituais.<\/p>\n<p><strong>4 \u2013 Que caracter\u00edsticas destacarias se pretendesses apresentar o bridge a algu\u00e9m com um percurso semelhante ao teu?<\/strong><\/p>\n<p>Tr\u00eas carater\u00edsticas principais: um grande gosto pelas cartas, algum jeito e uma grande vontade de chegar mais longe e evoluir. O bridge \u00e9 um jogo muito dif\u00edcil e exige uma grande dedica\u00e7\u00e3o, muito maior de que qualquer jogo regular de cartas que se jogue. Tem que se estudar e praticar muito.<\/p>\n<p><strong>5 \u2013 D\u00e1-nos a conhecer um pouco dos teus planos para o futuro na modalidade?<\/strong><\/p>\n<p>Gostava de continuar a aprender, a treinar e a melhorar. E quero acima de tudo continuar a divertir-me. Quero come\u00e7ar a jogar torneios ao vivo e ir jogando com pessoas de um n\u00edvel mais alto. A partir da\u00ed o c\u00e9u \u00e9 o limite. Enquanto continuar a passar belos momentos irei sempre jogar. E enquanto jogar irei sempre querer aprender e ser melhor.<\/p>\n<p>Gostava muito de poder jogar com os melhores jogadores nacionais e quem sabe bater-me com eles. \u00c9 poss\u00edvel? Penso que sim, desde que queiramos uma coisa e estejamos dispostos a pagar o pre\u00e7o para isso acontecer (neste caso tempo e dedica\u00e7\u00e3o) tudo \u00e9 poss\u00edvel.<\/p>\n<p><strong>6 \u2013\u00a0Um livro, um filme, uma cidade que te tenham marcado.\u00a0<\/strong><\/p>\n<p>O meu livro preferido \u00e9 o <em>Daily Stoic<\/em> de Ryan Holiday. Estoicismo \u00e9 uma filosofia que sigo h\u00e1 alguns anos e que est\u00e1 na sua maior parte alinhada com a minha maneira de ver e de agir na vida. Para mim este \u00e9 o melhor livro que j\u00e1 li.<\/p>\n<p>Um filme, O Padrinho\u201d, adoro todo o envolvimento e ac\u00e7\u00e3o dos filmes. Esta trilogia para mim \u00e9 fabulosa, com grandes actua\u00e7\u00f5es dos actores e tem toda uma hist\u00f3ria e envolvimento apaixonantes. O <em>Gladiador<\/em>, <em>Braveheart<\/em> e <em>Pulp Fiction<\/em> foram filmes que tamb\u00e9m me marcaram muito.<\/p>\n<p>Cidades que me marcaram poderei dizer Barcelona por achar que depois de Lisboa poderia ser a melhor cidade para se viver; Jerusal\u00e9m pelas diferen\u00e7as sociais e atmosfera que encontrei; Las Vegas pela ac\u00e7\u00e3o e loucura que tive nos dias que estive l\u00e1; e Chiang Mai, na Tail\u00e2ndia, pela experi\u00eancia de poder viver uns dias na selva!<\/p>\n<p><span style=\"color: #008000;\">Gostava de agradecer mais uma vez ao Lu\u00eds Oliveira pela paci\u00eancia e dedica\u00e7\u00e3o que tem tido comigo e por me ter ensinado tudo o que sei at\u00e9 hoje, e ao Pedro Gil que t\u00e3o belo parceiro tem sido, por me ter acompanhado nesta aprendizagem e tamb\u00e9m pelo bom ambiente e bom sistema de parceria<\/span><\/p>\n<p>[\/et_pb_toggle][\/et_pb_column][\/et_pb_row][\/et_pb_section][et_pb_section fb_built=&#8221;1&#8243; admin_label=&#8221;Products Section&#8221; _builder_version=&#8221;3.22&#8243; custom_padding=&#8221;3px|0px|45px|0px||&#8221;][et_pb_row admin_label=&#8221;Section Header Row&#8221; _builder_version=&#8221;3.25&#8243; custom_padding=&#8221;0px|0px|27px|0px&#8221;][et_pb_column type=&#8221;4_4&#8243; _builder_version=&#8221;3.25&#8243; custom_padding=&#8221;|||&#8221; custom_padding__hover=&#8221;|||&#8221;][et_pb_comments _builder_version=&#8221;4.6.0&#8243; _module_preset=&#8221;default&#8221;][\/et_pb_comments][\/et_pb_column][\/et_pb_row][\/et_pb_section][et_pb_section fb_built=&#8221;1&#8243; admin_label=&#8221;Contact Section&#8221; _builder_version=&#8221;4.0.9&#8243; use_background_color_gradient=&#8221;on&#8221; background_color_gradient_start=&#8221;#ffffff&#8221; background_color_gradient_end=&#8221;rgba(255,255,255,0)&#8221; background_color_gradient_start_position=&#8221;20%&#8221; background_color_gradient_end_position=&#8221;80%&#8221; background_color_gradient_overlays_image=&#8221;on&#8221; background_enable_image=&#8221;off&#8221; background_position=&#8221;bottom_center&#8221; custom_margin=&#8221;-86px|||||&#8221; custom_padding=&#8221;78px|0px|0px|0px||&#8221; saved_tabs=&#8221;all&#8221;][\/et_pb_section]<\/p>\n","protected":false},"excerpt":{"rendered":"<p>Ap\u00f3s uns meses de paragem voltamos a publicar o nosso boletim <\/p>\n","protected":false},"author":2,"featured_media":0,"parent":0,"menu_order":0,"comment_status":"closed","ping_status":"closed","template":"","meta":{"_et_pb_use_builder":"on","_et_pb_old_content":"","_et_gb_content_width":"","footnotes":""},"class_list":["post-1366","page","type-page","status-publish","hentry"],"_links":{"self":[{"href":"https:\/\/www.bridge4fun.pt\/index.php?rest_route=\/wp\/v2\/pages\/1366","targetHints":{"allow":["GET"]}}],"collection":[{"href":"https:\/\/www.bridge4fun.pt\/index.php?rest_route=\/wp\/v2\/pages"}],"about":[{"href":"https:\/\/www.bridge4fun.pt\/index.php?rest_route=\/wp\/v2\/types\/page"}],"author":[{"embeddable":true,"href":"https:\/\/www.bridge4fun.pt\/index.php?rest_route=\/wp\/v2\/users\/2"}],"replies":[{"embeddable":true,"href":"https:\/\/www.bridge4fun.pt\/index.php?rest_route=%2Fwp%2Fv2%2Fcomments&post=1366"}],"version-history":[{"count":4,"href":"https:\/\/www.bridge4fun.pt\/index.php?rest_route=\/wp\/v2\/pages\/1366\/revisions"}],"predecessor-version":[{"id":1377,"href":"https:\/\/www.bridge4fun.pt\/index.php?rest_route=\/wp\/v2\/pages\/1366\/revisions\/1377"}],"wp:attachment":[{"href":"https:\/\/www.bridge4fun.pt\/index.php?rest_route=%2Fwp%2Fv2%2Fmedia&parent=1366"}],"curies":[{"name":"wp","href":"https:\/\/api.w.org\/{rel}","templated":true}]}}