{"id":1672,"date":"2022-01-19T15:07:13","date_gmt":"2022-01-19T15:07:13","guid":{"rendered":"https:\/\/www.bridge4fun.pt\/?page_id=1672"},"modified":"2022-02-18T15:26:42","modified_gmt":"2022-02-18T15:26:42","slug":"boletim-informativo-janeiro-2022","status":"publish","type":"page","link":"https:\/\/www.bridge4fun.pt\/?page_id=1672","title":{"rendered":"Boletim Informativo &#8211; Janeiro 2022"},"content":{"rendered":"<p>[et_pb_section fb_built=&#8221;1&#8243; fullwidth=&#8221;on&#8221; admin_label=&#8221;Header Section&#8221; _builder_version=&#8221;3.22&#8243; background_color=&#8221;#dadde2&#8243;][et_pb_fullwidth_header title=&#8221;B4F&#8221; subhead=&#8221;boletim informativo&#8221; text_orientation=&#8221;center&#8221; _builder_version=&#8221;4.0.9&#8243; title_font=&#8221;Open Sans|700||on|||||&#8221; title_text_color=&#8221;#ffffff&#8221; title_font_size=&#8221;9vw&#8221; title_letter_spacing=&#8221;15px&#8221; title_line_height=&#8221;1.4em&#8221; content_font=&#8221;||||||||&#8221; subhead_font=&#8221;Open Sans|700||on|||||&#8221; subhead_text_color=&#8221;rgba(12,12,12,0.2)&#8221; subhead_font_size=&#8221;24px&#8221; subhead_letter_spacing=&#8221;7px&#8221; subhead_line_height=&#8221;1.4em&#8221; background_color=&#8221;rgba(255, 255, 255, 0)&#8221; background_enable_image=&#8221;off&#8221; background_position=&#8221;bottom_center&#8221; custom_padding=&#8221;0%||0.1%|||&#8221; animation_style=&#8221;zoom&#8221; animation_direction=&#8221;bottom&#8221; animation_intensity_zoom=&#8221;8%&#8221; title_text_shadow_style=&#8221;preset5&#8243; title_text_shadow_color=&#8221;#0C71C3&#8243; button_one_text_size__hover_enabled=&#8221;off&#8221; button_two_text_size__hover_enabled=&#8221;off&#8221; button_one_text_color__hover_enabled=&#8221;off&#8221; button_two_text_color__hover_enabled=&#8221;off&#8221; button_one_border_width__hover_enabled=&#8221;off&#8221; button_two_border_width__hover_enabled=&#8221;off&#8221; button_one_border_color__hover_enabled=&#8221;off&#8221; button_two_border_color__hover_enabled=&#8221;off&#8221; button_one_border_radius__hover_enabled=&#8221;off&#8221; button_two_border_radius__hover_enabled=&#8221;off&#8221; button_one_letter_spacing__hover_enabled=&#8221;off&#8221; button_two_letter_spacing__hover_enabled=&#8221;off&#8221; button_one_bg_color__hover_enabled=&#8221;off&#8221; button_two_bg_color__hover_enabled=&#8221;off&#8221;][\/et_pb_fullwidth_header][\/et_pb_section][et_pb_section fb_built=&#8221;1&#8243; _builder_version=&#8221;4.6.0&#8243; min_height=&#8221;238px&#8221; custom_padding=&#8221;3px|0px|0px|0px||&#8221;][et_pb_row _builder_version=&#8221;4.6.0&#8243; _module_preset=&#8221;default&#8221;][et_pb_column type=&#8221;4_4&#8243; _builder_version=&#8221;4.6.0&#8243; _module_preset=&#8221;default&#8221;][et_pb_toggle title=&#8221;EDITORIAL&#8221; _builder_version=&#8221;4.8.1&#8243; _module_preset=&#8221;default&#8221; title_font_size=&#8221;26px&#8221; background_color=&#8221;rgba(12,247,235,0.15)&#8221; title_text_shadow_style=&#8221;preset1&#8243;]<\/p>\n<p>O atraso na publica\u00e7\u00e3o do primeiro n\u00famero do ano fica a dever-se a um significativo aumento de trabalho administrativo que sempre acontece nestes in\u00edcios de \u00e9pocas desportivas. Para al\u00e9m do encerramento das contas de 2021, o processo de licenciamento de praticantes e a gest\u00e3o corrente tem tornado dif\u00edcil manter o &#8220;ritmo&#8221;. Mas c\u00e1 estamos com a mesma gana e a mesma determina\u00e7\u00e3o em contribuir para a sobreviv\u00eancia do movimento associativo que, \u00e0 conta da pandemia e n\u00e3o s\u00f3, atravessa uma situa\u00e7\u00e3o muito complicada.<\/p>\n<p>2022 \u00e9 ano de Campeonato do Mundo e da Europa. No primeiro Portugal estar\u00e1 representado na prova de equipas mistas, gra\u00e7as ao brilhante apuramento da nossa Selec\u00e7\u00e3o, a quem aproveitamos para desejar as maiores felicidades desportivas. Entretanto tamb\u00e9m a Selec\u00e7\u00e3o feminina pode vir a estar presente, por ter sido repescada. Assim seja poss\u00edvel conseguir o financiamento para garantir esta participa\u00e7\u00e3o.<\/p>\n<p>Quanto aos Campeonatos da Europa e ap\u00f3s muita incerteza, est\u00e1 confirmada a Madeira como anfitri\u00e3 da prova. A todos os que tornaram poss\u00edvel este desfecho o nosso agradecimento e a certeza que ser\u00e1 um enorme sucesso e mais uma demonstra\u00e7\u00e3o de que o que nos falta em dimens\u00e3o sobra-nos em determina\u00e7\u00e3o e em talento.\u00a0 \u00a0\u00a0<\/p>\n<p>O bridge na sua componente desportiva precisa urgentemente de encontrar respostas novas para novos problemas. A pandemia e estes dois longos anos de restri\u00e7\u00f5es profundas nas nossas vidas veio criar enormes desafios \u00e0 modalidade. O regresso \u00e0 normalidade est\u00e1 \u00e0 porta, mas esta ser\u00e1 uma normalidade muito diferente para a qual ter\u00e3o de se encontrar novas solu\u00e7\u00f5es. Dificilmente voltaremos a ser o que \u00e9ramos pelo que esta \u00e9 uma oportunidade para tentarmos ser melhores.<\/p>\n<p>Os modelos desportivos que j\u00e1 antes da pandemia careciam de uma nova vis\u00e3o, est\u00e3o agora definitivamente ultrapassados. Os circuitos competitivos precisam de ser redefinidos e n\u00e3o \u00e9 com posi\u00e7\u00f5es extremadas que chegaremos a bom porto. A discuss\u00e3o da moda tem-se circunscrito ao debate entre bridge presencial e bridge online. Para uns o bridge online \u00e9 o dem\u00f3nio, para outros a \u00fanica solu\u00e7\u00e3o. Como sempre acontece, este tipo de abordagem coloca-nos do lado do problema em vez de nos conduzir \u00e0 solu\u00e7\u00e3o.<\/p>\n<p>Mais do que persistir em discuss\u00f5es epid\u00e9rmicas, \u00e9 tempo de analisar os dados, identificar os problemas, elencar as diferentes ferramentas que temos \u00e0 disposi\u00e7\u00e3o e encontrar solu\u00e7\u00f5es que minimizem os riscos de eros\u00e3o de clubes e praticantes e que sejam eficazes na capta\u00e7\u00e3o de novos praticantes. N\u00e3o h\u00e1 solu\u00e7\u00f5es f\u00e1ceis para problemas t\u00e3o complicados como os que vivemos. Mas ou h\u00e1 vontade pol\u00edtica para uma discuss\u00e3o s\u00e9ria e que envolva todos os \u00f3rg\u00e3os institucionais, FPB, AR&#8217;s e Clubes, ou continuaremos a pregar no deserto, lugar em que todos falam e ningu\u00e9m se ouve.<\/p>\n<p>A modalidade dispensa tanto os profetas da desgra\u00e7a como os donos da sabedoria. Os primeiros resignam-se perante o enorme desafio que temos pela frente, os segundos entendem que podem sobreviver numa qualquer gal\u00e1xia, quanto mais longe melhor dos que &#8220;n\u00e3o sabem contar at\u00e9 treze&#8221;. Ambos s\u00e3o dispens\u00e1veis. O bridge, como qualquer movimento associativo, alimenta-se na diversidade dos seus praticantes e associados. Para isso a competi\u00e7\u00e3o tem de estar voltada para as diferentes realidades e de encontrar solu\u00e7\u00f5es desportivas que sejam inclusivas (sei bem que esta ideia provoca comich\u00e3o a muita gente, mas n\u00e3o ser\u00e1 isso que me far\u00e1 desistir de a defender). Inclusiva, sim! Porque essa \u00e9 a principal caracter\u00edstica deste fant\u00e1stico jogo: Incluir, incluir, incluir \u00e9 o \u00fanico caminho para a sobreviv\u00eancia. Incluir independentemente do estatuto social (seja l\u00e1 isso o que for), da idade, do sexo, da cor da pele, dos credos, das qualidades t\u00e9cnicas de cada um. INCLUIR!<span style=\"font-size: 14px;\"><\/span><\/p>\n<p>\u00c9 hora de tocar a reunir. \u00c9 hora de exigirmos mais di\u00e1logo e menos confronta\u00e7\u00f5es de egos e de verdades absolutas. \u00c9 hora do movimento associativo cumprir o seu dever. Bridge \u00e9 comunica\u00e7\u00e3o, \u00e9 encontro de ideias e de projectos. \u00c9 ou tem de ser um espa\u00e7o de liberdade e de equidade. N\u00e3o somos todos iguais (felizmente), mas todos temos de cumprir os mesmos deveres e usufruir dos mesmos direitos. As Leis e os Regulamentos mudam porque mudam as circunst\u00e2ncias que lhes deram origem. Mas as altera\u00e7\u00f5es s\u00e3o para serem discutidas por todos e aprovadas pela maioria. Chama-se Democracia!<span style=\"font-size: 14px;\"><\/span><\/p>\n<p><span style=\"font-size: 14px;\">Luis Oliveira<\/span><\/p>\n<p>[\/et_pb_toggle][et_pb_toggle title=&#8221;BREVES&#8221; _builder_version=&#8221;4.8.1&#8243; _module_preset=&#8221;default&#8221; title_font_size=&#8221;26px&#8221; background_color=&#8221;rgba(124,218,36,0.2)&#8221; custom_margin=&#8221;-15px|||||&#8221; hover_enabled=&#8221;0&#8243; title_text_shadow_style=&#8221;preset1&#8243; sticky_enabled=&#8221;0&#8243;]<\/p>\n<p>No Torneio de Abertura, primeira prova oficial da \u00e9poca, regista-se a vit\u00f3ria do nosso s\u00f3cio Jos\u00e9 Moraes em parceria com Pedro Morbey. A decorrer est\u00e1 o Campeonato de Equipas da ARBL e o Campeonato Nacional de Pares Seniores. Pelo caminho destaca-se a vit\u00f3ria da forma\u00e7\u00e3o capitaneada por Jorge Cruzeiro no Torneio de Selec\u00e7\u00e3o de Equipas Seniores com vista aos pr\u00f3ximos Campeonatos da Europa. Registe-se ainda a fraca ades\u00e3o do Campeonato de Pares por IMP&#8217;s da ARBL, com apenas 16 pares participantes. Quanto tempo mais teremos de esperar para abrir uma discuss\u00e3o s\u00e9ria sobre pol\u00edtica e regulamenta\u00e7\u00e3o desportiva?\u00a0\u00a0<\/p>\n<p>[\/et_pb_toggle][et_pb_toggle title=&#8221;O CANTINHO DA T\u00c9CNICA (parte 1)&#8221; _builder_version=&#8221;4.8.1&#8243; _module_preset=&#8221;default&#8221; title_font_size=&#8221;26px&#8221; background_color=&#8221;rgba(146,205,211,0.49)&#8221; custom_margin=&#8221;-15px|||||&#8221; title_text_shadow_style=&#8221;preset1&#8243;]<\/p>\n<p>No n\u00famero anterior propusemos uma recolha de opini\u00f5es sobre casos espec\u00edficos de marca\u00e7\u00e3o. Infelizmente a iniciativa n\u00e3o recolheu o interesse dos nossos leitores. Aqui ficam, no entanto, as opini\u00f5es do painel de especialistas constitu\u00eddo por:\u00a0Paul Chemla; Sandra Rimsteadt; Mikael Rimsteadt e Zia Mahmood<\/p>\n<p>Em todas as m\u00e3os est\u00e1 em Sul<\/p>\n<p>M\u00c3O 1\u00a0 \u00a0 \u00a0 \u00a0 \u00a0 \u00a0 \u00a0 \u00a0 \u00a0 \u00a0 \u00a0 \u00a0 \u00a0 \u00a0 \u00a0 \u00a0 \u00a0 \u00a0 \u00a0 \u00a0 \u00a0 \u00a0 \u00a0 \u00a0 \u00a0 \u00a0 \u00a0 \u00a0 \u00a0 \u00a0 \u00a0 \u00a0 \u00a0 \u00a0 \u00a0 \u00a0 \u00a0 \u00a0NORTE\u00a0 \u00a0 \u00a0ESTE\u00a0 \u00a0 \u00a0SUL\u00a0 \u00a0 \u00a0OESTE<br \/> \u2660 RD108\u00a0 \u00a0 \u00a0 \u00a0 \u00a0 \u00a0 \u00a0 \u00a0 \u00a0 \u00a0 \u00a0 \u00a0 \u00a0 \u00a0 \u00a0 \u00a0 \u00a0 \u00a0 \u00a0 \u00a0 \u00a0 \u00a0 \u00a0 \u00a0 \u00a0 \u00a0 \u00a0 \u00a0 \u00a0 \u00a0 \u00a0 \u00a0 \u00a0 \u00a0 \u00a0 \u00a0 \u00a0 \u00a0 \u00a0 \u00a0 \u00a0 \u00a0 \u00a0 \u00a0 \u00a0 \u00a0 \u00a0 \u00a0 \u00a0 \u00a0 \u00a0 \u00a01ST\u00a0 \u00a0 \u00a0 \u00a0 \u00a0 \u00a0 P<br \/> \u2665 R3\u00a0 \u00a0 \u00a0 \u00a0 \u00a0 \u00a0 \u00a0 \u00a0 \u00a0 \u00a0 \u00a0 \u00a0 \u00a0 \u00a0 \u00a0 \u00a0 \u00a0 \u00a0 \u00a0 \u00a0 \u00a0 \u00a0 \u00a0 \u00a0 \u00a0 \u00a0 \u00a0 \u00a0 \u00a0 \u00a0 \u00a0 \u00a0 \u00a0 \u00a0 \u00a0 \u00a0 \u00a0 \u00a0 \u00a0 \u00a0 \u00a0 \u00a04\u2666 *\u00a0 \u00a0 \u00a0 \u00a0 Dbl\u00a0 \u00a0 \u00a0 \u00a0 ?<br \/> \u2666 984\u00a0 \u00a0 \u00a0 \u00a0 \u00a0 \u00a0 \u00a0 \u00a0 \u00a0 \u00a0 \u00a0 \u00a0 \u00a0 \u00a0 \u00a0 \u00a0 \u00a0 \u00a0 \u00a0 \u00a0 \u00a0 \u00a0 \u00a0 \u00a0 \u00a0 \u00a0 \u00a0 \u00a0 \u00a0 \u00a0 \u00a0 \u00a0 \u00a0 \u00a0 \u00a0 \u00a0 \u00a0 \u00a0 \u00a0 * Bicolor rico<br \/> \u2663 ARV5<\/p>\n<p><strong>R:<\/strong>\u00a0<strong>Como \u00e9 habitual nestes pain\u00e9is as opini\u00f5es entre o Passe e 4\u2660 (50% para cada lado). Mesmo sendo 4\u2666 uma voz que mostra um bicolor rico sem interesse em cheleme, o abridor tem um monstro. Qualquer coisa como AVxxx Axxxx x xx \u00e9 suficiente para 12 vazas. Ent\u00e3o a quest\u00e3o est\u00e1 em saber o que \u00e9 mais construtivo: o Passe ou 4\u2660? Pessoalmente sou adepto do Passe deixar em aberto a hip\u00f3tese de cheleme.\u00a0<\/strong><\/p>\n<p>M\u00c3O 2\u00a0 \u00a0 \u00a0 \u00a0 \u00a0 \u00a0 \u00a0 \u00a0 \u00a0 \u00a0 \u00a0 \u00a0 \u00a0 \u00a0 \u00a0 \u00a0 \u00a0 \u00a0 \u00a0 \u00a0 \u00a0 \u00a0 \u00a0 \u00a0 \u00a0 \u00a0 \u00a0 \u00a0 \u00a0 \u00a0 \u00a0 \u00a0 \u00a0 \u00a0 \u00a0 \u00a0 \u00a0 \u00a0 NORTE\u00a0 \u00a0 \u00a0ESTE\u00a0 \u00a0 \u00a0SUL\u00a0 \u00a0 \u00a0OESTE\u00a0\u00a0<br \/>\u2660 AR86542\u00a0 \u00a0 \u00a0 \u00a0 \u00a0 \u00a0 \u00a0 \u00a0 \u00a0 \u00a0 \u00a0 \u00a0 \u00a0 \u00a0 \u00a0 \u00a0 \u00a0 \u00a0 \u00a0 \u00a0 \u00a0 \u00a0 \u00a0 \u00a0 \u00a0 \u00a0 \u00a0 \u00a0 \u00a0 \u00a0 \u00a0 \u00a0 \u00a0 \u00a0 \u00a0 \u00a0 \u00a0 \u00a0 \u00a0 \u00a0 \u00a0 \u00a0 \u00a0 \u00a0 \u00a01\u2663\u00a0 \u00a0 \u00a0 \u00a0 \u00a0?<br \/>\u2665 &#8211;\u00a0<br \/>\u2666 RD1074<br \/>\u2663 A<\/p>\n<p><strong>R:<\/strong>\u00a0<strong>Neste caso a opini\u00e3o dos painelistas \u00e9 un\u00e2nime: 1\u2660! Da simples partida ao grande cheleme tudo \u00e9 poss\u00edvel pelo que, com tanto para dizer, \u00e9 necess\u00e1rio n\u00e3o perder tempo.<\/strong><\/p>\n<p><span style=\"font-size: 14px;\">M\u00c3O 3\u00a0 \u00a0 \u00a0 \u00a0 \u00a0 \u00a0 \u00a0 \u00a0 \u00a0 \u00a0 \u00a0 \u00a0 \u00a0 \u00a0 \u00a0 \u00a0 \u00a0 \u00a0 \u00a0 \u00a0 \u00a0 \u00a0 \u00a0 \u00a0 \u00a0 \u00a0 \u00a0 \u00a0 \u00a0 \u00a0 \u00a0 \u00a0 \u00a0 \u00a0 \u00a0 \u00a0 \u00a0 \u00a0 \u00a0\u00a0NORTE\u00a0 \u00a0 \u00a0ESTE\u00a0 \u00a0 \u00a0SUL\u00a0 \u00a0 \u00a0OESTE\u00a0<\/span><\/p>\n<p>\u2660 &#8211;\u00a0 \u00a0 \u00a0 \u00a0 \u00a0 \u00a0 \u00a0 \u00a0 \u00a0 \u00a0 \u00a0 \u00a0 \u00a0 \u00a0 \u00a0 \u00a0 \u00a0 \u00a0 \u00a0 \u00a0 \u00a0 \u00a0 \u00a0 \u00a0 \u00a0 \u00a0 \u00a0 \u00a0 \u00a0 \u00a0 \u00a0 \u00a0 \u00a0 \u00a0 \u00a0 \u00a0 \u00a0 \u00a0 \u00a0 \u00a0 \u00a0 \u00a0 \u00a0 \u00a0 \u00a0 1\u2660\u00a0 \u00a0 \u00a0 \u00a0 \u00a0 \u00a02\u2665\u00a0 \u00a0 \u00a0 \u00a0 \u00a0 ?<br \/>\u2665 3<br \/>\u2666 A107542<br \/>\u2663 RV7642<\/p>\n<p><strong>R:<\/strong>\u00a0<strong>O painel voltou a dividir-se, mas a marca\u00e7\u00e3o de 3\u2666 foi a preferida (e \u00e9 tamb\u00e9m a minha). Sempre que tenho uma voz natural sigo o lema &#8220;Keep it simple&#8221;. Os dobres negativos com 5-5 ou superior levantam sempre mais problemas que solu\u00e7\u00f5es. Aa opini\u00f5es dividiram-se entre 3\u2666, 4ST (menores) e Passe (waiting)<\/strong><\/p>\n<p>M\u00c3O 4\u00a0 \u00a0 \u00a0 \u00a0 \u00a0 \u00a0 \u00a0 \u00a0 \u00a0 \u00a0 \u00a0 \u00a0 \u00a0 \u00a0 \u00a0 \u00a0 \u00a0 \u00a0 \u00a0 \u00a0 \u00a0 \u00a0 \u00a0 \u00a0 \u00a0 \u00a0 \u00a0 \u00a0 \u00a0 \u00a0 \u00a0 \u00a0 \u00a0 \u00a0 \u00a0 \u00a0 \u00a0 \u00a0 \u00a0\u00a0NORTE\u00a0 \u00a0 \u00a0ESTE\u00a0 \u00a0 \u00a0SUL\u00a0 \u00a0 \u00a0OESTE\u00a0<br \/>\u2660 65\u00a0 \u00a0 \u00a0 \u00a0 \u00a0 \u00a0 \u00a0 \u00a0 \u00a0 \u00a0 \u00a0 \u00a0 \u00a0 \u00a0 \u00a0 \u00a0 \u00a0 \u00a0 \u00a0 \u00a0 \u00a0 \u00a0 \u00a0 \u00a0 \u00a0 \u00a0 \u00a0 \u00a0 \u00a0 \u00a0 \u00a0 \u00a0 \u00a0 \u00a0 \u00a0 \u00a0 \u00a0 \u00a0 \u00a0 \u00a0 \u00a0 \u00a0 \u00a0 \u00a01\u2666\u00a0 \u00a0 \u00a0 \u00a0 \u00a0 \u00a01\u2665\u00a0 \u00a0 \u00a0 \u00a0 \u00a0 ?<br \/>\u2665 87<br \/>\u2666 RD972<br \/>\u2663 RD83<\/p>\n<p><strong>R:<\/strong>\u00a0<strong>O painel votou de forma un\u00e2nime em 2\u2665. O cuebid mostra um bom apoio a oiros com, pelo menos, for\u00e7a de convite.\u00a0<\/strong><\/p>\n<p>[\/et_pb_toggle][\/et_pb_column][\/et_pb_row][\/et_pb_section][et_pb_section fb_built=&#8221;1&#8243; admin_label=&#8221;Intro Section&#8221; _builder_version=&#8221;3.22&#8243; custom_margin=&#8221;32px|||||&#8221; custom_padding=&#8221;0px|0px|60px|0px||&#8221;][et_pb_row _builder_version=&#8221;4.6.0&#8243; _module_preset=&#8221;default&#8221; min_height=&#8221;135px&#8221; custom_margin=&#8221;-14px|auto||auto||&#8221; custom_padding=&#8221;5px|||||&#8221;][et_pb_column type=&#8221;4_4&#8243; _builder_version=&#8221;4.6.0&#8243; _module_preset=&#8221;default&#8221;][et_pb_toggle title=&#8221;O CANTINHO DA T\u00c9CNICA (parte 2)&#8221; _builder_version=&#8221;4.8.1&#8243; _module_preset=&#8221;default&#8221; title_font_size=&#8221;26px&#8221; background_color=&#8221;rgba(224,43,32,0.13)&#8221; min_height=&#8221;65px&#8221; custom_margin=&#8221;-23px|||||&#8221; custom_padding=&#8221;15px|||0px||&#8221; title_text_shadow_style=&#8221;preset1&#8243;]<\/p>\n<p>Para este n\u00famero decidimos revisitar um velho amigo: o Splinter.<\/p>\n<p>As virtudes da conven\u00e7\u00e3o s\u00e3o bem conhecidas: mostra um bom fit com cartas excedentes de apoio, valores de partida e for\u00e7a de corte no naipe anunciado. A \u00fanica desvantagem tem a ver com o consumo de espa\u00e7o que inviabiliza ac\u00e7\u00f5es interm\u00e9dias de pesquisa de eventuais chelemes.\u00a0<\/p>\n<p>Para minimizar o efeito negativo referido resolvemos adoptar uma solu\u00e7\u00e3o que divide o Splinter em duas zonas de for\u00e7a distintas: 9-11 e 12-14 (acima destes valores o Splinter \u00e9 inapropriado). Vamos ent\u00e3o ver como funciona:<\/p>\n<p><strong>M\u00e3os de 9-11 pontos<\/strong><\/p>\n<p>Abertura em 1\u2665<\/p>\n<p>3ST &#8211; Singleton em\u00a0\u2660<br \/>4\u2663\u2666\u00a0 &#8211; Singleton\u00a0\u2663\u2666<\/p>\n<p>\u00a0Abertura em 1\u2660<\/p>\n<p>4\u2663\u2666\u2665\u00a0 &#8211; Singleton\u00a0\u2663\u2666\u2665<\/p>\n<p><strong>M\u00e3os de 12-14 pontos<\/strong><\/p>\n<p>Abertura em 1\u2665<\/p>\n<p>3\u2660 &#8211; singleton indeterminado. O abridor, se interessado, pergunta em 3ST e o respondente mostra o naipe do singleton.<\/p>\n<p>Abertura em 1\u2660<\/p>\n<p>3ST &#8211; singleton indeterminado. O abridor pergunta em 4\u2663 e o abridor, se interessado, marca o naipe do singleton, sendo que 4\u2660 \u00e9 singleton a paus.\u00a0<span style=\"font-size: 14px;\">\u00a0<\/span><\/p>\n<p>[\/et_pb_toggle][\/et_pb_column][\/et_pb_row][et_pb_row _builder_version=&#8221;4.6.0&#8243; _module_preset=&#8221;default&#8221; min_height=&#8221;135px&#8221; custom_margin=&#8221;-26px|auto||auto||&#8221; custom_padding=&#8221;5px||64px|||&#8221;][et_pb_column type=&#8221;4_4&#8243; _builder_version=&#8221;4.6.0&#8243; _module_preset=&#8221;default&#8221;][\/et_pb_column][\/et_pb_row][\/et_pb_section][et_pb_section fb_built=&#8221;1&#8243; admin_label=&#8221;Products Section&#8221; _builder_version=&#8221;3.22&#8243; custom_padding=&#8221;3px|0px|45px|0px||&#8221;][et_pb_row admin_label=&#8221;Section Header Row&#8221; _builder_version=&#8221;3.25&#8243; custom_padding=&#8221;0px|0px|27px|0px&#8221;][et_pb_column type=&#8221;4_4&#8243; _builder_version=&#8221;3.25&#8243; custom_padding=&#8221;|||&#8221; custom_padding__hover=&#8221;|||&#8221;][et_pb_comments _builder_version=&#8221;4.6.0&#8243; _module_preset=&#8221;default&#8221;][\/et_pb_comments][\/et_pb_column][\/et_pb_row][\/et_pb_section][et_pb_section fb_built=&#8221;1&#8243; admin_label=&#8221;Contact Section&#8221; _builder_version=&#8221;4.0.9&#8243; use_background_color_gradient=&#8221;on&#8221; background_color_gradient_start=&#8221;#ffffff&#8221; background_color_gradient_end=&#8221;rgba(255,255,255,0)&#8221; background_color_gradient_start_position=&#8221;20%&#8221; background_color_gradient_end_position=&#8221;80%&#8221; background_color_gradient_overlays_image=&#8221;on&#8221; background_enable_image=&#8221;off&#8221; background_position=&#8221;bottom_center&#8221; custom_margin=&#8221;-86px|||||&#8221; custom_padding=&#8221;78px|0px|0px|0px||&#8221; saved_tabs=&#8221;all&#8221;][\/et_pb_section]<\/p>\n","protected":false},"excerpt":{"rendered":"<p>[et_pb_section fb_built=&#8221;1&#8243; fullwidth=&#8221;on&#8221; admin_label=&#8221;Header Section&#8221; _builder_version=&#8221;3.22&#8243; background_color=&#8221;#dadde2&#8243;][et_pb_fullwidth_header title=&#8221;B4F&#8221; subhead=&#8221;boletim informativo&#8221; text_orientation=&#8221;center&#8221; _builder_version=&#8221;4.0.9&#8243; title_font=&#8221;Open Sans|700||on|||||&#8221; title_text_color=&#8221;#ffffff&#8221; title_font_size=&#8221;9vw&#8221; title_letter_spacing=&#8221;15px&#8221; title_line_height=&#8221;1.4em&#8221; content_font=&#8221;||||||||&#8221; subhead_font=&#8221;Open Sans|700||on|||||&#8221; subhead_text_color=&#8221;rgba(12,12,12,0.2)&#8221; subhead_font_size=&#8221;24px&#8221; subhead_letter_spacing=&#8221;7px&#8221; subhead_line_height=&#8221;1.4em&#8221; background_color=&#8221;rgba(255, 255, 255, 0)&#8221; background_enable_image=&#8221;off&#8221; background_position=&#8221;bottom_center&#8221; custom_padding=&#8221;0%||0.1%|||&#8221; animation_style=&#8221;zoom&#8221; animation_direction=&#8221;bottom&#8221; animation_intensity_zoom=&#8221;8%&#8221; title_text_shadow_style=&#8221;preset5&#8243; title_text_shadow_color=&#8221;#0C71C3&#8243; button_one_text_size__hover_enabled=&#8221;off&#8221; button_two_text_size__hover_enabled=&#8221;off&#8221; button_one_text_color__hover_enabled=&#8221;off&#8221; button_two_text_color__hover_enabled=&#8221;off&#8221; button_one_border_width__hover_enabled=&#8221;off&#8221; button_two_border_width__hover_enabled=&#8221;off&#8221; button_one_border_color__hover_enabled=&#8221;off&#8221; button_two_border_color__hover_enabled=&#8221;off&#8221; button_one_border_radius__hover_enabled=&#8221;off&#8221; button_two_border_radius__hover_enabled=&#8221;off&#8221; button_one_letter_spacing__hover_enabled=&#8221;off&#8221; button_two_letter_spacing__hover_enabled=&#8221;off&#8221; button_one_bg_color__hover_enabled=&#8221;off&#8221; button_two_bg_color__hover_enabled=&#8221;off&#8221;][\/et_pb_fullwidth_header][\/et_pb_section][et_pb_section fb_built=&#8221;1&#8243; _builder_version=&#8221;4.6.0&#8243; min_height=&#8221;238px&#8221; custom_padding=&#8221;3px|0px|0px|0px||&#8221;][et_pb_row [&hellip;]<\/p>\n","protected":false},"author":2,"featured_media":0,"parent":0,"menu_order":0,"comment_status":"closed","ping_status":"closed","template":"","meta":{"_et_pb_use_builder":"on","_et_pb_old_content":"","_et_gb_content_width":"","footnotes":""},"class_list":["post-1672","page","type-page","status-publish","hentry"],"_links":{"self":[{"href":"https:\/\/www.bridge4fun.pt\/index.php?rest_route=\/wp\/v2\/pages\/1672","targetHints":{"allow":["GET"]}}],"collection":[{"href":"https:\/\/www.bridge4fun.pt\/index.php?rest_route=\/wp\/v2\/pages"}],"about":[{"href":"https:\/\/www.bridge4fun.pt\/index.php?rest_route=\/wp\/v2\/types\/page"}],"author":[{"embeddable":true,"href":"https:\/\/www.bridge4fun.pt\/index.php?rest_route=\/wp\/v2\/users\/2"}],"replies":[{"embeddable":true,"href":"https:\/\/www.bridge4fun.pt\/index.php?rest_route=%2Fwp%2Fv2%2Fcomments&post=1672"}],"version-history":[{"count":5,"href":"https:\/\/www.bridge4fun.pt\/index.php?rest_route=\/wp\/v2\/pages\/1672\/revisions"}],"predecessor-version":[{"id":1706,"href":"https:\/\/www.bridge4fun.pt\/index.php?rest_route=\/wp\/v2\/pages\/1672\/revisions\/1706"}],"wp:attachment":[{"href":"https:\/\/www.bridge4fun.pt\/index.php?rest_route=%2Fwp%2Fv2%2Fmedia&parent=1672"}],"curies":[{"name":"wp","href":"https:\/\/api.w.org\/{rel}","templated":true}]}}