{"id":1913,"date":"2022-11-17T00:24:06","date_gmt":"2022-11-17T00:24:06","guid":{"rendered":"https:\/\/www.bridge4fun.pt\/?page_id=1913"},"modified":"2022-11-19T15:23:41","modified_gmt":"2022-11-19T15:23:41","slug":"boletim-informativo-novembro-2022","status":"publish","type":"page","link":"https:\/\/www.bridge4fun.pt\/?page_id=1913","title":{"rendered":"Boletim informativo &#8211; Novembro 2022"},"content":{"rendered":"<p>[et_pb_section fb_built=&#8221;1&#8243; fullwidth=&#8221;on&#8221; admin_label=&#8221;Header Section&#8221; _builder_version=&#8221;3.22&#8243; background_color=&#8221;#dadde2&#8243;][et_pb_fullwidth_header title=&#8221;B4F&#8221; subhead=&#8221;boletim informativo&#8221; text_orientation=&#8221;center&#8221; _builder_version=&#8221;4.0.9&#8243; title_font=&#8221;Open Sans|700||on|||||&#8221; title_text_color=&#8221;#ffffff&#8221; title_font_size=&#8221;9vw&#8221; title_letter_spacing=&#8221;15px&#8221; title_line_height=&#8221;1.4em&#8221; content_font=&#8221;||||||||&#8221; subhead_font=&#8221;Open Sans|700||on|||||&#8221; subhead_text_color=&#8221;rgba(12,12,12,0.2)&#8221; subhead_font_size=&#8221;24px&#8221; subhead_letter_spacing=&#8221;7px&#8221; subhead_line_height=&#8221;1.4em&#8221; background_color=&#8221;rgba(255, 255, 255, 0)&#8221; background_enable_image=&#8221;off&#8221; background_position=&#8221;bottom_center&#8221; custom_padding=&#8221;0%||0.1%|||&#8221; animation_style=&#8221;zoom&#8221; animation_direction=&#8221;bottom&#8221; animation_intensity_zoom=&#8221;8%&#8221; title_text_shadow_style=&#8221;preset5&#8243; title_text_shadow_color=&#8221;#0C71C3&#8243; button_one_text_size__hover_enabled=&#8221;off&#8221; button_two_text_size__hover_enabled=&#8221;off&#8221; button_one_text_color__hover_enabled=&#8221;off&#8221; button_two_text_color__hover_enabled=&#8221;off&#8221; button_one_border_width__hover_enabled=&#8221;off&#8221; button_two_border_width__hover_enabled=&#8221;off&#8221; button_one_border_color__hover_enabled=&#8221;off&#8221; button_two_border_color__hover_enabled=&#8221;off&#8221; button_one_border_radius__hover_enabled=&#8221;off&#8221; button_two_border_radius__hover_enabled=&#8221;off&#8221; button_one_letter_spacing__hover_enabled=&#8221;off&#8221; button_two_letter_spacing__hover_enabled=&#8221;off&#8221; button_one_bg_color__hover_enabled=&#8221;off&#8221; button_two_bg_color__hover_enabled=&#8221;off&#8221;][\/et_pb_fullwidth_header][\/et_pb_section][et_pb_section fb_built=&#8221;1&#8243; _builder_version=&#8221;4.6.0&#8243; min_height=&#8221;238px&#8221; custom_padding=&#8221;3px|0px|0px|0px||&#8221;][et_pb_row _builder_version=&#8221;4.6.0&#8243; _module_preset=&#8221;default&#8221;][et_pb_column type=&#8221;4_4&#8243; _builder_version=&#8221;4.6.0&#8243; _module_preset=&#8221;default&#8221;][et_pb_toggle title=&#8221;EDITORIAL&#8221; _builder_version=&#8221;4.8.1&#8243; _module_preset=&#8221;default&#8221; title_font_size=&#8221;26px&#8221; background_color=&#8221;rgba(12,247,235,0.15)&#8221; title_text_shadow_style=&#8221;preset1&#8243;]<\/p>\n<p>Este ser\u00e1, porventura, o meu \u00faltimo editorial no boletim.<\/p>\n<p>A sa\u00edda de fun\u00e7\u00f5es directivas leva-me de volta \u00e0 de &#8220;militante de base&#8221; e a\u00ed continuarei dando o meu contributo aos novos dirigentes e todo o apoio que estiver ao meu alcance aos s\u00f3cios deste fant\u00e1stico Clube que \u00e9 o B4F.<\/p>\n<p>O B4F apareceu na cena bridg\u00edstica nacional disposto a ser diferente, a trazer para a modalidade uma nova vis\u00e3o, um novo projecto desportivo, uma forma nova de encarar a competi\u00e7\u00e3o. Porque viemos abalar as estruturas tradicionais tivemos de enfrentar uma oposi\u00e7\u00e3o feroz que, algumas vezes, resvalou do desejado confronto de ideias para o insulto e ataques de car\u00e1cter.<\/p>\n<p>N\u00e3o estiv\u00e9mos isolados nesta viagem. V\u00e1rios outros Clubes partilharam esta vis\u00e3o e foram surgindo converg\u00eancias que revolucionaram as Institui\u00e7\u00f5es que regem a modalidade. Os ventos de mudan\u00e7a criaram uma corrente amplamente maiorit\u00e1ria nas estruturas federativas e o bridge foi conhecendo melhorias significativas: mais Clubes, mais praticantes licenciados, maior frequ\u00eancia nas provas federativas e nas iniciativas dos Clubes.<\/p>\n<p>A pandemia, no entanto, veio interromper de forma dram\u00e1tica este trajecto. A actividade foi suspensa, o n\u00famero de licenciamentos diminuiu drasticamente e as Institui\u00e7\u00f5es foram abaladas por escassez de recursos humanos e financeiros.<\/p>\n<p>Neste per\u00edodo negro muitos desistiram mas, porque a mem\u00f3ria \u00e9 curta, convir\u00e1 lembrar que alguns n\u00e3o baixaram os bra\u00e7os e entre eles, na primeira linha, esteve o B4F. Cri\u00e1mos competi\u00e7\u00f5es no BBO com elevados \u00edndices de participa\u00e7\u00e3o, em parceria com amigos espanh\u00f3is lan\u00e7\u00e1mos v\u00e1rias competi\u00e7\u00f5es de equipas e, com o aparecimento da nova plataforma Real Bridge, lan\u00e7\u00e1mos as bases de uma prova regular de pares e v\u00e1rias iniciativas de competi\u00e7\u00e3o e de forma\u00e7\u00e3o.\u00a0<\/p>\n<p>O abrandamento da crise pand\u00e9mica restituiu-nos algum espa\u00e7o de manobra para a recupera\u00e7\u00e3o, mas havia muitos problemas por resolver e novos desafios para enfrentar. As condi\u00e7\u00f5es tinham mudado de forma muito radical e era fundamental interpretar os novos tempos e encontrar novas solu\u00e7\u00f5es. Foram muitas as vezes que, em diversos f\u00f3runs, o B4F veio alertando para a necessidade de estudar novas estrat\u00e9gias. Alguns preferiram acreditar no Pai Natal e entender que tudo ia regressar \u00e0 anterior normalidade e os praticantes iriam acorrer \u00e0s salas de torneio como se nada se tivesse passado durante mais de 2 anos.\u00a0<\/p>\n<p>A sobranceria dos que, ignorando todos os sinais, se lan\u00e7aram numa desenfreada campanha dos bons contra os maus, do bridge presencial contra o bridge online, com argumentos falaciosos e sem qualquer enquadramento com an\u00e1lises objectivas, conduziu-nos a uma situa\u00e7\u00e3o dram\u00e1tica, com resultados \u00e0 vista: provas oficiais reduzidas \u00e0 sua mais \u00ednfima express\u00e3o, quando n\u00e3o mesmo canceladas, licenciamentos de praticantes em decl\u00ednio, desaparecimento de clubes. E, uma vez mais, a Lei de Murphy verificou-se e se tudo estava a correr mal iria seguramente correr pior. Assistimos ao evidente div\u00f3rcio entre as diferentes Institui\u00e7\u00f5es que regem a modalidade, a ataques pessoais p\u00fablicos por praticantes com fun\u00e7\u00f5es institucionais, \u00e0 deturpa\u00e7\u00e3o sistem\u00e1tica e consciente de quem ia alertando para a necessidade de repensar estrat\u00e9gias e modelos desportivos \u00e0 luz de uma nova realidade que se teimava em esconder. Acreditemos em dias melhores.<\/p>\n<p>Felizmente foi poss\u00edvel encontrar uma solu\u00e7\u00e3o de continuidade para o B4F que, estou certo, continuar\u00e1 a ser uma for\u00e7a viva na modalidade. O futuro do bridge depende, acima de tudo, de vis\u00e3o estrat\u00e9gica, de compet\u00eancia de quem dirige e de abertura para procurar solu\u00e7\u00f5es que tenham em aten\u00e7\u00e3o uma nova realidade. E nesta dif\u00edcil tarefa o B4F \u00e9 uma pedra essencial e saber\u00e1 continuar na linha da frente.<\/p>\n<p>\u00c0 data de hoje temos 98 s\u00f3cios, todos eles licenciados na FPB. Este \u00e9 um facto que nos deve orgulhar a todos, porque todos fomos e seremos importantes. No B4F todos os s\u00f3cios jogam na 1\u00aa divis\u00e3o. Temos independ\u00eancia financeira e um consider\u00e1vel patrim\u00f3nio desportivo. Temos gente capaz de continuar a obra feita nos 12 anos que temos de vida. Temos s\u00f3cios dedicados e muitas valias nas mais diversas \u00e1reas. Por tudo isto tenho uma inabal\u00e1vel confian\u00e7a no futuro.<\/p>\n<p>Agora \u00e9 tempo de passar aos muitos agradecimentos que tenho para distribuir.<\/p>\n<p>Aos restantes fundadores do B4F: ao T\u00f3 Eanes, irm\u00e3o de tanto caminho andado, de tantas voltas e revoltas de vida, aos amigos de sempre e para sempre Isabel Manso e Jos\u00e9 Lima e \u00e0 companheira de todas as horas B\u00e9 Oliveira. \u00c9 um enorme privil\u00e9gio ter-vos ao meu lado.<\/p>\n<p>Um profundo agradecimento ao Rui Borges, pela enorme dedica\u00e7\u00e3o e pela generosidade nas muitas iniciativas que patrocinou. Foi o homem certo no lugar certo e um grande Presidente do B4F.<\/p>\n<p>Mas o B4F nunca seria o que \u00e9 sem os seus s\u00f3cios. E \u00e9 para eles que vai um grande abra\u00e7o pelo vosso carinho e pelo vosso apoio. O Clube sois v\u00f3s. Todos v\u00f3s. Do fundo do cora\u00e7\u00e3o muito obrigado.<\/p>\n<p>Finalmente uma palavra para os novos dirigentes do Clube. Obrigado pela vossa disponibilidade. T\u00eam a minha total confian\u00e7a e e a minha disponibilidade para vos ajudar no que me for poss\u00edvel. O B4F continuar\u00e1 vivo ao servi\u00e7o do bridge. Porque \u00e9 a nossa paix\u00e3o!<\/p>\n<p>Termino com um apelo a todos. No dia 27 de Novembro ir\u00e1 decorrer, online, a AG Eleitoral. Com apenas uma lista concorrente o resultado \u00e9 antecipadamente conhecido, mas \u00e9 muito importante que estejam presentes e que a vota\u00e7\u00e3o seja expressiva. At\u00e9 l\u00e1 ser\u00e1 marcada uma apresenta\u00e7\u00e3o online dos projectos da nova Direc\u00e7\u00e3o para o futuro e onde espero que participem activamente.<\/p>\n<p>Continuaremos a estar juntos. Obrigado por tudo.<\/p>\n<p>Lu\u00eds Oliveira<\/p>\n<p>[\/et_pb_toggle][et_pb_toggle title=&#8221;LISTA A &#8211; PROGRAMA E CONSTITUI\u00c7\u00c3O DA LISTA&#8221; _builder_version=&#8221;4.8.1&#8243; _module_preset=&#8221;default&#8221; title_font_size=&#8221;26px&#8221; background_color=&#8221;#eeefaa&#8221; title_text_shadow_style=&#8221;preset1&#8243;]<\/p>\n<h1 style=\"text-align: center;\">Candidatura para a direc\u00e7\u00e3o do Bridge4Fun<\/h1>\n<h3>INTRODU\u00c7\u00c3O<\/h3>\n<p>Desde a sua constitui\u00e7\u00e3o, em 2010, que a atividade do Clube B4F se tem desenvolvido,\u00a0preferencialmente, nas \u00e1reas de organiza\u00e7\u00e3o de iniciativas desportivas de qualidade, no\u00a0apoio t\u00e9cnico ao praticante, no desenvolvimento de a\u00e7\u00f5es de capta\u00e7\u00e3o de novos\u00a0praticantes e numa participa\u00e7\u00e3o ativa na vida federativa.\u00a0<\/p>\n<p>Reconhecemos o trabalho desenvolvido pelas anteriores Dire\u00e7\u00f5es e manifestamos a\u00a0nossa determina\u00e7\u00e3o em manter a filosofia que presidiu \u00e0 constitui\u00e7\u00e3o do B4F, seja na<br \/>sua atividade em prol dos seus associados, seja no seu posicionamento institucional,\u00a0que muito contribuiu para as significativas altera\u00e7\u00f5es introduzidas na forma de gerir o<br \/>bridge desportivo.<\/p>\n<p>N\u00e3o podemos ignorar o facto de o jogo online ter vindo para ficar, desse modo\u00a0pretendemos abra\u00e7ar esta nova pr\u00e1tica e retirar das novas tecnologias todas as\u00a0potencialidades que possam vir a divulgar a modalidade e at\u00e9 promover a passagem de\u00a0praticantes para a atividade presencial.<\/p>\n<p>Por outro lado, pretende a Dire\u00e7\u00e3o criar um conjunto de atividades que permitam uma\u00a0gradual participa\u00e7\u00e3o dos s\u00f3cios em atividade presenciais.<\/p>\n<p>Outro dos nossos objetivos \u00e9 a\u00a0comunica\u00e7\u00e3o com os s\u00f3cios, vertente que queremos\u00a0promover, com a dinamiza\u00e7\u00e3o do website e do Facebook do Clube, bem como a\u00a0constru\u00e7\u00e3o de uma ferramenta de inscri\u00e7\u00e3o nos torneios.<\/p>\n<p>Pretende ainda a Dire\u00e7\u00e3o manter a pol\u00edtica de quotas praticada pela Dire\u00e7\u00e3o anterior,\u00a0aquando da pandemia, fixando deste modo para 2023, a quota em 20\u20ac para todos os<br \/>s\u00f3cios com quotiza\u00e7\u00e3o em dia em 2022, sendo este valor de quota utilizado para\u00a0inscri\u00e7\u00e3o de todos os s\u00f3cios do B4F, na Federa\u00e7\u00e3o Portuguesa de Bridge.<\/p>\n<p>Acreditamos que a uni\u00e3o de esfor\u00e7os entre os s\u00f3cios, com a sua participa\u00e7\u00e3o nas\u00a0atividades do Clube \u00e9 a forma de conseguirmos ultrapassar as dificuldades existentes e\u00a0apenas juntos conseguiremos ultrapass\u00e1-las. Contamos desde j\u00e1 com o seu apoio. !!<\/p>\n<h3>Plano desportivo<\/h3>\n<p>Dar continuidade aos torneios 4a feira online no Real Bridge e iniciar contactos para a\u00a0realiza\u00e7\u00e3o de torneios interclubes nacionais e estrangeiros utilizando a parceria com a<br \/>Real Bridge.<br \/>Torneio de apuramento para a participa\u00e7\u00e3o no campeonato de clubes 1\u00aa e 2\u00aa divis\u00e3o.\u00a0Apoio \u00e0s equipas apuradas em termos de forma\u00e7\u00e3o e meios t\u00e9cnicos para treino na\u00a0participa\u00e7\u00e3o no campeonato de clubes.<br \/>Realiza\u00e7\u00e3o de torneios tem\u00e1ticos nos arredores de Lisboa com temas espec\u00edficos,\u00a0associando \u00e0 pr\u00e1tica do bridge uma componente cultural de cada Regi\u00e3o. Por exemplo:<br \/>\uf0b7 Quinta da Bacalhoa<br \/>\uf0b7 Troia<br \/>\uf0b7 Benavente<br \/>\uf0b7 Alcochete<br \/>\uf0b7 Mafra<br \/>\uf0b7 Turismos de habita\u00e7\u00e3o<br \/>Manter a possibilidade de retoma dos torneios mensais utilizando as instala\u00e7\u00f5es de\u00a0clubes existentes, em parceria, semelhante ao que vigorou com o Clube Militar Naval.<\/p>\n<h3>Plano de capta\u00e7\u00e3o de s\u00f3cios<\/h3>\n<p>N\u00e3o sendo o nosso objetivo priorit\u00e1rio, o crescimento do Clube em n\u00famero de s\u00f3cios,\u00a0pretende a Dire\u00e7\u00e3o realizar a\u00e7\u00f5es para recuperar antigos s\u00f3cios e jogadores que tenham<br \/>participado em a\u00e7\u00f5es anteriores do B4F e que, por diversas raz\u00f5es, se mant\u00eam distantes\u00a0do bridge.<br \/>Pretendemos contactar todos os participantes em a\u00e7\u00f5es de forma\u00e7\u00e3o realizadas e criar\u00a0novas a\u00e7\u00f5es espec\u00edficas.\u00a0Da mesma forma, vamos falar com praticantes que deixaram de participar com\u00a0regularidade nos torneios online e tentar identificar as raz\u00f5es e ouvir sugest\u00f5es.<\/p>\n<h3>Plano de forma\u00e7\u00e3o<\/h3>\n<p>Promover uma forma\u00e7\u00e3o anual para iniciados.<br \/>Organizar duas sess\u00f5es anuais de aperfei\u00e7oamento recorrendo ao formador Luis Oliveira\u00a0para dar continuidade \u00e0s sess\u00f5es j\u00e1 realizadas e que tiveram uma significativa<br \/>participa\u00e7\u00e3o de s\u00f3cios do Clube.<br \/>Montar um mini Nac em moldes a serem definidos para as equipas apuradas para o\u00a0campeonato de clubes.<br \/>Disponibiliza\u00e7\u00e3o de material did\u00e1tico a ser adquirido pelo Clube para o aperfei\u00e7oamento\u00a0dos s\u00f3cios, nomeadamente, livros t\u00e9cnicos, revistas e acesso a conte\u00fados eletr\u00f3nicos.<\/p>\n<h3>Plano institucional<\/h3>\n<p>Manter a rela\u00e7\u00e3o institucional com a FPB e ARBL.<br \/>Participa\u00e7\u00e3o em todas as Assembleias da ARBL<br \/>Promover e apoiar candidaturas de praticantes do B4F para o cargo de delegado nas\u00a0Assembleias da FPB.<br \/>Manter e promover a comunica\u00e7\u00e3o institucional com todos os Clubes portugueses, de\u00a0forma a criar sinergias para um melhor desenvolvimento do bridge nacional e para uma<br \/>melhoria das condi\u00e7\u00f5es desportivas dos s\u00f3cios do B4F.<br \/>Iniciar conversa\u00e7\u00f5es com clubes internacionais com vista a troca de experi\u00eancias,\u00a0promo\u00e7\u00e3o de torneios interclubes (on-line) e cria\u00e7\u00e3o de condi\u00e7\u00f5es para a participa\u00e7\u00e3o\u00a0dos s\u00f3cios do B4F em torneios promovidos por outros clubes (RealBridge e BBO).<br \/>Manter conversa\u00e7\u00f5es com as plataformas online de forma a promover o Clube, os seus\u00a0s\u00f3cios e obter as melhores condi\u00e7\u00f5es, quer para os torneios pr\u00f3prios, quer para a<br \/>participa\u00e7\u00e3o de s\u00f3cios nas atividades promovidas pelas principais plataformas digitais.<\/p>\n<h3>Plano de comunica\u00e7\u00e3o<\/h3>\n<p>Dar continuidade ao website e \u00e0 divulga\u00e7\u00e3o da informa\u00e7\u00e3o relativamente \u00e0 vida do Clube\u00a0e da pr\u00e1tica do bridge.<br \/>Promover em conjunto com o Quinto Naipe a constru\u00e7\u00e3o de uma nova plataforma de\u00a0inscri\u00e7\u00f5es nos Torneios (on-line e presenciais), convidando os Clubes que atualmente<br \/>partilham essa plataforma a participar, delegando iniciativa a profissionais, com os\u00a0seguintes requisitos.<br \/>\uf0b7 Garantir o processo atual de inscri\u00e7\u00e3o e manuten\u00e7\u00e3o de torneios de Pares,\u00a0Equipas e Forma\u00e7\u00e3o.<br \/>\uf0b7 Criar uma funcionalidade para foma\u00e7\u00e3o de parcerias para torneios (a ser\u00a0definida mais detalhadamente)<br \/>\uf0b7 M\u00f3dulo de consulta de classifica\u00e7\u00e3o online, com liga\u00e7\u00e3o \u00e0 aplica\u00e7\u00e3o.<br \/>Criar e divulgar newsletters do Clube, com periodicidade a definir, para o que contamos\u00a0com a colabora\u00e7\u00e3o de todos.<br \/>Definir a politica de participa\u00e7\u00e3o do clube nas redes sociais, nomeadamente o Facebook\u00a0e melhorar a p\u00e1gina do Facebook j\u00e1 existente, em estreita sintonia com o nosso website.<\/p>\n<h3>Equipa<\/h3>\n<p>Mesa da Assembleia:<\/p>\n<p>Presidente da Mesa: M\u00e1rio Reis<br \/>Secret\u00e1rio da Mesa: Luis Oliveira<br \/>Secret\u00e1ria da Mesa: Isabel Manso<\/p>\n<p>Direc\u00e7\u00e3o<\/p>\n<p>Presidente: Pedro Gil<br \/>Respons\u00e1vel T\u00e9cnico: T\u00f3 Eanes<br \/>Vogal: Helena Caldeira<br \/>Vogal: F\u00e1tima Alves<\/p>\n<p>Conselho Fiscal:<\/p>\n<p>Presidente: Casimiro Talhinhas<br \/>Vogal: Sofia Alves<br \/>Vogal: Ant\u00f3nio Bandeira Neves<\/p>\n<p>[\/et_pb_toggle][\/et_pb_column][\/et_pb_row][\/et_pb_section][et_pb_section fb_built=&#8221;1&#8243; admin_label=&#8221;Intro Section&#8221; _builder_version=&#8221;3.22&#8243; custom_margin=&#8221;32px|||||&#8221; custom_padding=&#8221;0px|0px|60px|0px||&#8221;][\/et_pb_section][et_pb_section fb_built=&#8221;1&#8243; admin_label=&#8221;Products Section&#8221; _builder_version=&#8221;3.22&#8243; custom_padding=&#8221;3px|0px|45px|0px||&#8221;][et_pb_row admin_label=&#8221;Section Header Row&#8221; _builder_version=&#8221;3.25&#8243; custom_padding=&#8221;0px|0px|27px|0px&#8221;][et_pb_column type=&#8221;4_4&#8243; _builder_version=&#8221;3.25&#8243; custom_padding=&#8221;|||&#8221; custom_padding__hover=&#8221;|||&#8221;][et_pb_comments _builder_version=&#8221;4.6.0&#8243; _module_preset=&#8221;default&#8221;][\/et_pb_comments][\/et_pb_column][\/et_pb_row][\/et_pb_section][et_pb_section fb_built=&#8221;1&#8243; admin_label=&#8221;Contact Section&#8221; _builder_version=&#8221;4.0.9&#8243; use_background_color_gradient=&#8221;on&#8221; background_color_gradient_start=&#8221;#ffffff&#8221; background_color_gradient_end=&#8221;rgba(255,255,255,0)&#8221; background_color_gradient_start_position=&#8221;20%&#8221; background_color_gradient_end_position=&#8221;80%&#8221; background_color_gradient_overlays_image=&#8221;on&#8221; background_enable_image=&#8221;off&#8221; background_position=&#8221;bottom_center&#8221; custom_margin=&#8221;-86px|||||&#8221; custom_padding=&#8221;78px|0px|0px|0px||&#8221; saved_tabs=&#8221;all&#8221;][\/et_pb_section]<\/p>\n","protected":false},"excerpt":{"rendered":"<p>[et_pb_section fb_built=&#8221;1&#8243; fullwidth=&#8221;on&#8221; admin_label=&#8221;Header Section&#8221; _builder_version=&#8221;3.22&#8243; background_color=&#8221;#dadde2&#8243;][et_pb_fullwidth_header title=&#8221;B4F&#8221; subhead=&#8221;boletim informativo&#8221; text_orientation=&#8221;center&#8221; _builder_version=&#8221;4.0.9&#8243; title_font=&#8221;Open Sans|700||on|||||&#8221; title_text_color=&#8221;#ffffff&#8221; title_font_size=&#8221;9vw&#8221; title_letter_spacing=&#8221;15px&#8221; title_line_height=&#8221;1.4em&#8221; content_font=&#8221;||||||||&#8221; subhead_font=&#8221;Open Sans|700||on|||||&#8221; subhead_text_color=&#8221;rgba(12,12,12,0.2)&#8221; subhead_font_size=&#8221;24px&#8221; subhead_letter_spacing=&#8221;7px&#8221; subhead_line_height=&#8221;1.4em&#8221; background_color=&#8221;rgba(255, 255, 255, 0)&#8221; background_enable_image=&#8221;off&#8221; background_position=&#8221;bottom_center&#8221; custom_padding=&#8221;0%||0.1%|||&#8221; animation_style=&#8221;zoom&#8221; animation_direction=&#8221;bottom&#8221; animation_intensity_zoom=&#8221;8%&#8221; title_text_shadow_style=&#8221;preset5&#8243; title_text_shadow_color=&#8221;#0C71C3&#8243; button_one_text_size__hover_enabled=&#8221;off&#8221; button_two_text_size__hover_enabled=&#8221;off&#8221; button_one_text_color__hover_enabled=&#8221;off&#8221; button_two_text_color__hover_enabled=&#8221;off&#8221; button_one_border_width__hover_enabled=&#8221;off&#8221; button_two_border_width__hover_enabled=&#8221;off&#8221; button_one_border_color__hover_enabled=&#8221;off&#8221; button_two_border_color__hover_enabled=&#8221;off&#8221; button_one_border_radius__hover_enabled=&#8221;off&#8221; button_two_border_radius__hover_enabled=&#8221;off&#8221; button_one_letter_spacing__hover_enabled=&#8221;off&#8221; button_two_letter_spacing__hover_enabled=&#8221;off&#8221; button_one_bg_color__hover_enabled=&#8221;off&#8221; button_two_bg_color__hover_enabled=&#8221;off&#8221;][\/et_pb_fullwidth_header][\/et_pb_section][et_pb_section fb_built=&#8221;1&#8243; _builder_version=&#8221;4.6.0&#8243; min_height=&#8221;238px&#8221; custom_padding=&#8221;3px|0px|0px|0px||&#8221;][et_pb_row [&hellip;]<\/p>\n","protected":false},"author":2,"featured_media":0,"parent":0,"menu_order":0,"comment_status":"closed","ping_status":"closed","template":"","meta":{"_et_pb_use_builder":"on","_et_pb_old_content":"","_et_gb_content_width":"","footnotes":""},"class_list":["post-1913","page","type-page","status-publish","hentry"],"_links":{"self":[{"href":"https:\/\/www.bridge4fun.pt\/index.php?rest_route=\/wp\/v2\/pages\/1913","targetHints":{"allow":["GET"]}}],"collection":[{"href":"https:\/\/www.bridge4fun.pt\/index.php?rest_route=\/wp\/v2\/pages"}],"about":[{"href":"https:\/\/www.bridge4fun.pt\/index.php?rest_route=\/wp\/v2\/types\/page"}],"author":[{"embeddable":true,"href":"https:\/\/www.bridge4fun.pt\/index.php?rest_route=\/wp\/v2\/users\/2"}],"replies":[{"embeddable":true,"href":"https:\/\/www.bridge4fun.pt\/index.php?rest_route=%2Fwp%2Fv2%2Fcomments&post=1913"}],"version-history":[{"count":6,"href":"https:\/\/www.bridge4fun.pt\/index.php?rest_route=\/wp\/v2\/pages\/1913\/revisions"}],"predecessor-version":[{"id":1953,"href":"https:\/\/www.bridge4fun.pt\/index.php?rest_route=\/wp\/v2\/pages\/1913\/revisions\/1953"}],"wp:attachment":[{"href":"https:\/\/www.bridge4fun.pt\/index.php?rest_route=%2Fwp%2Fv2%2Fmedia&parent=1913"}],"curies":[{"name":"wp","href":"https:\/\/api.w.org\/{rel}","templated":true}]}}