{"id":215,"date":"2020-08-14T10:14:28","date_gmt":"2020-08-14T10:14:28","guid":{"rendered":"https:\/\/www.bridge4fun.pt\/novo2\/?page_id=215"},"modified":"2025-03-14T00:09:49","modified_gmt":"2025-03-14T00:09:49","slug":"home-2","status":"publish","type":"page","link":"https:\/\/www.bridge4fun.pt\/","title":{"rendered":"Home"},"content":{"rendered":"<p>[et_pb_section fb_built=&#8221;1&#8243; fullwidth=&#8221;on&#8221; admin_label=&#8221;Header Section&#8221; _builder_version=&#8221;3.22&#8243; background_color=&#8221;#dadde2&#8243;][et_pb_fullwidth_header title=&#8221;B4F&#8221; subhead=&#8221;porque o bridge \u00e9 uma paix\u00e3o&#8221; text_orientation=&#8221;center&#8221; _builder_version=&#8221;4.0.9&#8243; title_font=&#8221;Open Sans|700||on|||||&#8221; title_text_color=&#8221;#ffffff&#8221; title_font_size=&#8221;9vw&#8221; title_letter_spacing=&#8221;15px&#8221; title_line_height=&#8221;1.4em&#8221; content_font=&#8221;||||||||&#8221; subhead_font=&#8221;Open Sans|700||on|||||&#8221; subhead_text_color=&#8221;rgba(12,12,12,0.2)&#8221; subhead_font_size=&#8221;24px&#8221; subhead_letter_spacing=&#8221;7px&#8221; subhead_line_height=&#8221;1.4em&#8221; background_color=&#8221;rgba(255, 255, 255, 0)&#8221; background_enable_image=&#8221;off&#8221; background_position=&#8221;bottom_center&#8221; custom_padding=&#8221;0%||0.1%|||&#8221; animation_style=&#8221;zoom&#8221; animation_direction=&#8221;bottom&#8221; animation_intensity_zoom=&#8221;8%&#8221; title_text_shadow_style=&#8221;preset5&#8243; title_text_shadow_color=&#8221;#0C71C3&#8243; button_one_text_size__hover_enabled=&#8221;off&#8221; button_two_text_size__hover_enabled=&#8221;off&#8221; button_one_text_color__hover_enabled=&#8221;off&#8221; button_two_text_color__hover_enabled=&#8221;off&#8221; button_one_border_width__hover_enabled=&#8221;off&#8221; button_two_border_width__hover_enabled=&#8221;off&#8221; button_one_border_color__hover_enabled=&#8221;off&#8221; button_two_border_color__hover_enabled=&#8221;off&#8221; button_one_border_radius__hover_enabled=&#8221;off&#8221; button_two_border_radius__hover_enabled=&#8221;off&#8221; button_one_letter_spacing__hover_enabled=&#8221;off&#8221; button_two_letter_spacing__hover_enabled=&#8221;off&#8221; button_one_bg_color__hover_enabled=&#8221;off&#8221; button_two_bg_color__hover_enabled=&#8221;off&#8221;][\/et_pb_fullwidth_header][\/et_pb_section][et_pb_section fb_built=&#8221;1&#8243; _builder_version=&#8221;4.6.0&#8243; _module_preset=&#8221;default&#8221; width=&#8221;100%&#8221; custom_padding=&#8221;||0px|||&#8221;][et_pb_row _builder_version=&#8221;4.8.1&#8243; _module_preset=&#8221;default&#8221; custom_padding=&#8221;32px|||||&#8221;][et_pb_column type=&#8221;4_4&#8243; _builder_version=&#8221;4.6.0&#8243; _module_preset=&#8221;default&#8221;][et_pb_blurb content_max_width=&#8221;900px&#8221; _builder_version=&#8221;4.8.1&#8243; _module_preset=&#8221;default&#8221; custom_margin=&#8221;||2px|||&#8221; custom_padding=&#8221;0px||0px|||&#8221; hover_enabled=&#8221;0&#8243; box_shadow_style_image=&#8221;preset1&#8243; sticky_enabled=&#8221;0&#8243;]<\/p>\n<h1 style=\"text-align: left;\"><span style=\"color: #800000;\"><strong>\u00c9poca 2025<\/strong><\/span><\/h1>\n<p>&nbsp;<\/p>\n<h2 style=\"text-align: center;\"><span style=\"color: #800000;\"><strong>Bridge 4 Fun<\/strong> \u2013 Torneio de Equipas B4F online<\/span><br \/> <span color=\"#800000\" style=\"color: #800000;\">Apuramento para o Campeonato de Clubes 2025<br \/> In\u00edcio: 27\/02\/2025<\/span><\/h2>\n<p>&nbsp;<\/p>\n<table style=\"width: 718.234px; height: 50px; margin-left: auto; margin-right: auto;\" cellpadding=\"6\" height=\"62\" border=\"0\">\n<tbody>\n<tr style=\"height: 45px;\">\n<td style=\"width: 122px; height: 45px; text-align: center;\"><a href=\"https:\/\/www.bridge4fun.pt\/inscricao\/inscritos.php?torneio=B4FAPUR25\"><span>Inscritos<\/span><\/a><\/td>\n<td style=\"width: 92px; height: 45px; text-align: center;\"><a href=\"https:\/\/www.bridge4fun.pt\/novo2\/wp-content\/uploads\/2025\/02\/equipasclubes2025.pdf\"><span>Regulamento<\/span><\/a><\/td>\n<td style=\"width: 105px; height: 45px; text-align: center;\"><a href=\"https:\/\/play.realbridge.online\/dv.html?p=250227127955&amp;q=Apuramento25\" target=\"_blank\" rel=\"noopener noreferrer\"><span>Encontro\u00a01<\/span><\/a><\/td>\n<td style=\"width: 120px; height: 45px; text-align: center;\"><a href=\"https:\/\/play.realbridge.online\/dv.html?p=250306129079&amp;q=Apuramento252\" target=\"_blank\" rel=\"noopener noreferrer\"><span>Encontro\u00a02<\/span><\/a><\/td>\n<td style=\"width: 190.234px; height: 45px; text-align: center;\">\n<blockquote>\n<p><a href=\"https:\/\/play.realbridge.online\/dv.html?p=250313129236&amp;q=Apuramento253\"><span>Encontro\u00a03<\/span><\/a><\/p>\n<\/blockquote>\n<\/td>\n<\/tr>\n<\/tbody>\n<\/table>\n<p>&nbsp;<\/p>\n<p style=\"text-align: justify;\">A forma\u00e7\u00e3o de <strong>Mich\u00e8le Sotto<\/strong>, integrando <strong>Patr\u00edcia Macedo Santos<\/strong>, <strong>Frederico Macedo Santos<\/strong>, <strong>Kevin Peteers<\/strong> e <strong>Tierry Decoux<\/strong>\u00a0venceu a prova de apuramento do clube e ir\u00e1 representar o clube nas provas da\u00a0 primeira divis\u00e3o. A equipa de\u00a0<strong>Paulo Coelho, Beatriz Jos\u00e9 Coelho, C\u00e9u Branquinho, Pedro Gil, Lu\u00eds Afonso Almeida<\/strong> e <strong>Victor Ferreira<\/strong> no lugar imendiato ir\u00e1 representar o clube na prova de segunda divis\u00e3o.<\/p>\n<h1 style=\"text-align: center;\"><\/h1>\n<h1 style=\"text-align: center;\">Actividade Regular do B4F<\/h1>\n<p>&nbsp;<\/p>\n<h2>Torneios presenciais no IASFA (mensais)<\/h2>\n<p>&nbsp;<\/p>\n<p>Est\u00e3o calendarizados os torneios presenciais do B4F que decorrem num s\u00e1bado de cada m\u00eas nas instala\u00e7\u00f5es do IASFA em Oeiras.<\/p>\n<p>&nbsp;<\/p>\n<table width=\"973\" height=\"30\">\n<tbody>\n<tr>\n<td style=\"width: 102.55px; text-align: center;\">12\u00a0Abril<\/td>\n<td style=\"width: 102.55px; text-align: center;\">17\u00a0Maio<\/td>\n<td style=\"width: 102.55px; text-align: center;\">7\u00a0Junho<\/td>\n<td style=\"width: 102.55px; text-align: center;\">12\u00a0Julho<\/td>\n<td style=\"width: 102.55px; text-align: center;\">6\u00a0Setembro<\/td>\n<td style=\"width: 102.55px; text-align: center;\">18\u00a0Outubro<\/td>\n<td style=\"width: 102.55px; text-align: center;\">8\u00a0Novembro<\/td>\n<td style=\"width: 102.6px; text-align: center;\">13\u00a0Dezembro<\/td>\n<\/tr>\n<\/tbody>\n<\/table>\n<p>&nbsp;<\/p>\n<p>Resultados e Classifica\u00e7\u00e3o acumulada podem ser consultados <a href=\"https:\/\/www.quintonaipe.com\/B4F\/2025\/trofeu25class.html\">aqui\u00a0<\/a><\/p>\n<p>&nbsp;<\/p>\n<h2>Torneios online no Real Bridge (semanais)<\/h2>\n<p>&nbsp;<\/p>\n<p>Todas as 4\u00aa feiras, 21h, na plataforma Real Bridge, organiza\u00e7\u00e3o conjunta B4F\/CBE. Se j\u00e1 est\u00e1 na lista de participantes receber\u00e1 todas as 3\u00aa feiras uma liga\u00e7\u00e3o de acesso ao torneio por e-mail. Para consultar resultados pode <a href=\"https:\/\/quintonaipe.com\/RealBridge\/B4F_CBE\/index.html\">aceder por aqui<\/a><br \/> Qualquer assunto relacionado com o torneio pode contactar o T\u00f3 Eanes (917486106)<\/p>\n<p>&nbsp;<\/p>\n<p>&nbsp;<\/p>\n<p>[\/et_pb_blurb][et_pb_blurb content_max_width=&#8221;788px&#8221; _builder_version=&#8221;4.8.1&#8243; _module_preset=&#8221;default&#8221; min_height=&#8221;344.9px&#8221; custom_padding=&#8221;||0px|||&#8221; box_shadow_style_image=&#8221;preset6&#8243;]<\/p>\n<h1 style=\"text-align: justify;\">\u00c9poca 2023<\/h1>\n<p style=\"text-align: justify;\">2023 marca o in\u00edcio de uma nova \u00e9poca na vida do Clube, com a elei\u00e7\u00e3o de novos \u00d3rg\u00e3os Sociais. Alguns dos fundadores do Clube cessaram fun\u00e7\u00f5es directivas mantendo-se, no entanto, ligados ao Clube. \u00c9 uma aposta na renova\u00e7\u00e3o, na capta\u00e7\u00e3o de novas ideias e de novos projectos que, estamos certos, ir\u00e1 manter o B4F no top dos clubes nacionais.<\/p>\n<p style=\"text-align: justify;\">Entretanto continua a decorrer at\u00e9 ao dia 31 de Mar\u00e7o o licenciamento de praticantes para a \u00e9poca em curso. \u00c9 com muito orgulho que informamos que, \u00e0 data, est\u00e3o 89 praticantes associados ao B4F e, por iner\u00eancia, licenciados na FPB.<\/p>\n<p>[\/et_pb_blurb][et_pb_blurb content_max_width=&#8221;788px&#8221; _builder_version=&#8221;4.8.1&#8243; _module_preset=&#8221;default&#8221; custom_margin=&#8221;-158px|||||&#8221; box_shadow_style_image=&#8221;preset6&#8243;][\/et_pb_blurb][\/et_pb_column][\/et_pb_row][\/et_pb_section][et_pb_section fb_built=&#8221;1&#8243; admin_label=&#8221;Juice Categories Section&#8221; _builder_version=&#8221;3.22&#8243; custom_padding=&#8221;47px|0px|3px|0px||&#8221;][et_pb_row column_structure=&#8221;1_2,1_2&#8243; admin_label=&#8221;Juice Types Row&#8221; _builder_version=&#8221;3.25&#8243; custom_padding=&#8221;||28px|||&#8221;][et_pb_column type=&#8221;1_2&#8243; _builder_version=&#8221;3.25&#8243; custom_padding=&#8221;|||&#8221; custom_padding__hover=&#8221;|||&#8221;][et_pb_blurb title=&#8221;o come\u00e7o&#8221; image=&#8221;https:\/\/www.bridge4fun.pt\/novo2\/wp-content\/uploads\/2020\/08\/weather.png&#8221; admin_label=&#8221;Juice Type&#8221; _builder_version=&#8221;4.0.9&#8243; header_font=&#8221;Oswald|||on|||||&#8221; header_text_align=&#8221;center&#8221; header_font_size=&#8221;20px&#8221; header_letter_spacing=&#8221;2px&#8221; header_line_height=&#8221;1.4em&#8221; body_font=&#8221;Open Sans|600|||||||&#8221; body_text_align=&#8221;center&#8221; body_font_size=&#8221;16px&#8221; body_line_height=&#8221;1.8em&#8221; background_color=&#8221;#d2e4f9&#8243; custom_margin=&#8221;||27px|||&#8221; custom_padding=&#8221;||45px|||&#8221;]<\/p>\n<p style=\"text-align: left;\">\u00a0No dia 1 de Janeiro de 2009 foi formalizado o in\u00edcio de actividade do Bridge<em>4<\/em>Fun. Come\u00e7\u00e1mos com um pequeno n\u00famero de s\u00f3cios fundadores at\u00e9 nos tornarmos no que hoje somos: o clube portugu\u00eas com maior n\u00famero de praticantes licenciados.<\/p>\n<p style=\"text-align: left;\">Os princ\u00edpios que presidiram \u00e0 cria\u00e7\u00e3o do B4F continuam v\u00e1lidos e ir\u00e3o estar sempre presentes na nossa actividade.<\/p>\n<p style=\"text-align: left;\">A todos os que nos t\u00eam acompanhado nesta dif\u00edcil mas gratificante caminhada os nossos agradecimentos. Este ser\u00e1 sempre o vosso Clube.<\/p>\n<p style=\"text-align: left;\"><a href=\"https:\/\/www.bridge4fun.pt\/apresentacao.html\">Aqui fica<\/a> o texto da nossa apresenta\u00e7\u00e3o aos praticantes em finais de 2008.<\/p>\n<p style=\"text-align: left;\">[\/et_pb_blurb][\/et_pb_column][et_pb_column type=&#8221;1_2&#8243; _builder_version=&#8221;3.25&#8243; custom_padding=&#8221;|||&#8221; custom_padding__hover=&#8221;|||&#8221;][et_pb_blurb title=&#8221;O que fazemos&#8221; use_icon=&#8221;on&#8221; font_icon=&#8221;%%100%%&#8221; admin_label=&#8221;Juice Type&#8221; _builder_version=&#8221;4.0.9&#8243; header_font=&#8221;Oswald|||on|||||&#8221; header_text_align=&#8221;center&#8221; header_font_size=&#8221;20px&#8221; header_letter_spacing=&#8221;2px&#8221; header_line_height=&#8221;1.4em&#8221; body_font=&#8221;Open Sans|600|||||||&#8221; body_text_align=&#8221;center&#8221; body_font_size=&#8221;16px&#8221; body_line_height=&#8221;1.8em&#8221; background_color=&#8221;rgba(23,216,210,0.15)&#8221; custom_padding=&#8221;||0px|||&#8221;]<\/p>\n<p style=\"text-align: left;\">Com v\u00e1rias iniciativas no \u00e2mbito da competi\u00e7\u00e3o, nomeadamente com a organiza\u00e7\u00e3o semanal de um torneio de regularidade integrado nos simult\u00e2neos nacionais, a nossa actividade priorit\u00e1ria tem sido a forma\u00e7\u00e3o para diferentes n\u00edveis de praticantes e acordos com o Grupo Desportivo do Banco de Portugal e com a FPB para forma\u00e7\u00e3o de \u00e1rbitros e monitores de bridge.<\/p>\n<p style=\"text-align: left;\">O surto pand\u00e9mico veio interromper as iniciativas em curso, mas contamos poder voltar t\u00e3o cedo quanto poss\u00edvel, assim estejam garantidas as condi\u00e7\u00f5es m\u00ednimas de seguran\u00e7a.<\/p>\n<p style=\"text-align: left;\">At\u00e9 l\u00e1 a Escola de Bridge vai renovando os artigos, manuais e sistemas online postos \u00e0 disposi\u00e7\u00e3o dos praticantes.<\/p>\n<p style=\"text-align: left;\">\n<p style=\"text-align: left;\">\n<p>[\/et_pb_blurb][\/et_pb_column][\/et_pb_row][\/et_pb_section][et_pb_section fb_built=&#8221;1&#8243; _builder_version=&#8221;3.22&#8243; min_height=&#8221;627px&#8221; custom_padding=&#8221;3px|0px|60px|0px||&#8221;][et_pb_row column_structure=&#8221;1_3,1_3,1_3&#8243; use_custom_gutter=&#8221;on&#8221; gutter_width=&#8221;2&#8243; _builder_version=&#8221;3.25&#8243; custom_padding=&#8221;||0px|||&#8221;][et_pb_column type=&#8221;1_3&#8243; _builder_version=&#8221;3.25&#8243; custom_padding=&#8221;|||&#8221; custom_padding__hover=&#8221;|||&#8221;][et_pb_blurb title=&#8221;and the winners are&#8230;&#8221; image=&#8221;https:\/\/www.bridge4fun.pt\/novo2\/wp-content\/uploads\/2020\/08\/taca.gif&#8221; admin_label=&#8221;Juice Type&#8221; _builder_version=&#8221;4.6.0&#8243; header_font=&#8221;Oswald|||on|||||&#8221; header_text_align=&#8221;center&#8221; header_font_size=&#8221;20px&#8221; header_letter_spacing=&#8221;2px&#8221; header_line_height=&#8221;1.4em&#8221; body_font=&#8221;Open Sans|600|||||||&#8221; body_text_align=&#8221;center&#8221; body_font_size=&#8221;16px&#8221; body_line_height=&#8221;1.8em&#8221; background_color=&#8221;#fc6a3c&#8221; background_layout=&#8221;dark&#8221; custom_margin=&#8221;||-17px|||&#8221; custom_padding=&#8221;60px|40px|52px|40px||&#8221; animation_style=&#8221;zoom&#8221; animation_delay=&#8221;100ms&#8221; animation_intensity_zoom=&#8221;10%&#8221; animation=&#8221;off&#8221; border_radii=&#8221;on|6px|6px|6px|6px&#8221; box_shadow_style=&#8221;preset1&#8243; box_shadow_vertical=&#8221;20px&#8221; box_shadow_blur=&#8221;50px&#8221; box_shadow_color=&#8221;rgba(0,0,0,0.1)&#8221; locked=&#8221;off&#8221;]<\/p>\n<p style=\"text-align: left;\">A hist\u00f3ria dos vencedores de Campeonatos do Mundo- Bermuda Bowl, Venice Cup e Seniors Bowl.<\/p>\n<p style=\"text-align: center;\"><a href=\"https:\/\/www.bridge4fun.pt\/?page_id=290(opens in a new tab)\">ver link<\/a><\/p>\n<p>[\/et_pb_blurb][\/et_pb_column][et_pb_column type=&#8221;1_3&#8243; _builder_version=&#8221;3.25&#8243; custom_padding=&#8221;|||&#8221; custom_padding__hover=&#8221;|||&#8221;][et_pb_blurb title=&#8221;Hist\u00f3ria do bridge&#8221; image=&#8221;https:\/\/www.bridge4fun.pt\/novo2\/wp-content\/uploads\/2020\/08\/history1.jpg&#8221; admin_label=&#8221;Juice Type&#8221; _builder_version=&#8221;4.6.0&#8243; header_font=&#8221;Oswald|||on|||||&#8221; header_text_align=&#8221;center&#8221; header_font_size=&#8221;20px&#8221; header_letter_spacing=&#8221;2px&#8221; header_line_height=&#8221;1.4em&#8221; body_font=&#8221;Open Sans|600|||||||&#8221; body_text_align=&#8221;center&#8221; body_font_size=&#8221;16px&#8221; body_line_height=&#8221;1.8em&#8221; background_color=&#8221;#f1be52&#8243; background_layout=&#8221;dark&#8221; custom_padding=&#8221;60px|40px|53px|40px||&#8221; animation_style=&#8221;zoom&#8221; animation_intensity_zoom=&#8221;10%&#8221; animation=&#8221;off&#8221; border_radii=&#8221;on|6px|6px|6px|6px&#8221; box_shadow_style=&#8221;preset1&#8243; box_shadow_vertical=&#8221;20px&#8221; box_shadow_blur=&#8221;50px&#8221; box_shadow_color=&#8221;rgba(0,0,0,0.1)&#8221; locked=&#8221;off&#8221;]<\/p>\n<p style=\"text-align: left;\">Alguns factos conhecidos sobre as origens do bridge e das Institui\u00e7\u00f5es que o regem<\/p>\n<p style=\"text-align: center;\"><a href=\"https:\/\/www.bridge4fun.pt\/?page_id=120(opens in a new tab)\">Ver link<\/a><\/p>\n<p>[\/et_pb_blurb][\/et_pb_column][et_pb_column type=&#8221;1_3&#8243; _builder_version=&#8221;3.25&#8243; custom_padding=&#8221;|||&#8221; custom_padding__hover=&#8221;|||&#8221;][et_pb_blurb title=&#8221;Por c\u00e1&#8221; image=&#8221;https:\/\/www.bridge4fun.pt\/novo2\/wp-content\/uploads\/2020\/08\/fpb26-e1597577135202.gif&#8221; admin_label=&#8221;Juice Type&#8221; _builder_version=&#8221;4.6.0&#8243; header_font=&#8221;Oswald|||on|||||&#8221; header_text_align=&#8221;center&#8221; header_font_size=&#8221;20px&#8221; header_letter_spacing=&#8221;2px&#8221; header_line_height=&#8221;1.4em&#8221; body_font=&#8221;Open Sans|600|||||||&#8221; body_text_align=&#8221;center&#8221; body_font_size=&#8221;16px&#8221; body_line_height=&#8221;1.8em&#8221; background_color=&#8221;#71b953&#8243; background_layout=&#8221;dark&#8221; custom_padding=&#8221;60px|40px|31px|40px||&#8221; animation_style=&#8221;zoom&#8221; animation_delay=&#8221;200ms&#8221; animation_intensity_zoom=&#8221;10%&#8221; animation=&#8221;off&#8221; border_radii=&#8221;on|6px|6px|6px|6px&#8221; box_shadow_style=&#8221;preset1&#8243; box_shadow_vertical=&#8221;20px&#8221; box_shadow_blur=&#8221;50px&#8221; box_shadow_color=&#8221;rgba(0,0,0,0.1)&#8221; locked=&#8221;off&#8221;]<\/p>\n<p style=\"text-align: left;\">Factos e hist\u00f3ria da FPB. As selec\u00e7\u00f5es nacionais, composi\u00e7\u00e3o e classifica\u00e7\u00e3o nas competi\u00e7\u00f5es internacionais e galeria dos Presidentes da FPB<\/p>\n<p style=\"text-align: center;\"><a href=\"https:\/\/www.bridge4fun.pt\/?page_id=326\">ver link<\/a><\/p>\n<p>[\/et_pb_blurb][\/et_pb_column][\/et_pb_row][et_pb_row column_structure=&#8221;1_3,1_3,1_3&#8243; use_custom_gutter=&#8221;on&#8221; gutter_width=&#8221;2&#8243; _builder_version=&#8221;3.25&#8243; custom_margin=&#8221;|auto|-31px|auto||&#8221; custom_padding=&#8221;||0px|||&#8221;][et_pb_column type=&#8221;1_3&#8243; _builder_version=&#8221;3.25&#8243; custom_padding=&#8221;|||&#8221; custom_padding__hover=&#8221;|||&#8221;][et_pb_blurb title=&#8221;NBO&#8217;S EUROPEIAS&#8221; image=&#8221;https:\/\/www.bridge4fun.pt\/novo2\/wp-content\/uploads\/2020\/08\/ebl.gif&#8221; admin_label=&#8221;Juice Type&#8221; _builder_version=&#8221;4.6.0&#8243; header_font=&#8221;Oswald|||on|||||&#8221; header_text_align=&#8221;center&#8221; header_font_size=&#8221;20px&#8221; header_letter_spacing=&#8221;2px&#8221; header_line_height=&#8221;1.4em&#8221; body_font=&#8221;Open Sans|600|||||||&#8221; body_text_align=&#8221;center&#8221; body_font_size=&#8221;16px&#8221; body_line_height=&#8221;1.8em&#8221; background_color=&#8221;#f1be52&#8243; background_layout=&#8221;dark&#8221; custom_padding=&#8221;60px|40px|52px|40px||&#8221; animation_style=&#8221;zoom&#8221; animation_intensity_zoom=&#8221;10%&#8221; animation=&#8221;off&#8221; border_radii=&#8221;on|6px|6px|6px|6px&#8221; box_shadow_style=&#8221;preset1&#8243; box_shadow_vertical=&#8221;20px&#8221; box_shadow_blur=&#8221;50px&#8221; box_shadow_color=&#8221;rgba(0,0,0,0.1)&#8221; locked=&#8221;off&#8221;]<\/p>\n<p style=\"text-align: left;\"><span color=\"#333399\">Dados e links para as p\u00e1ginas online das Federa\u00e7\u00f5es Europeias filiadas na EBL.\u00a0<\/span><\/p>\n<p style=\"text-align: center;\"><span color=\"#333399\"><\/span><\/p>\n<p style=\"text-align: center;\"><span color=\"#333399\"><\/span><\/p>\n<p style=\"text-align: center;\"><a href=\"https:\/\/www.bridge4fun.pt\/?page_id=398(opens in a new tab)\"><span color=\"#333399\">ver link<\/span><\/a><\/p>\n<p>[\/et_pb_blurb][\/et_pb_column][et_pb_column type=&#8221;1_3&#8243; _builder_version=&#8221;3.25&#8243; custom_padding=&#8221;|||&#8221; custom_padding__hover=&#8221;|||&#8221;][\/et_pb_column][et_pb_column type=&#8221;1_3&#8243; _builder_version=&#8221;3.25&#8243; custom_padding=&#8221;|||&#8221; custom_padding__hover=&#8221;|||&#8221;][et_pb_blurb title=&#8221;GALERIA CAMPE\u00d5ES&#8221; image=&#8221;https:\/\/www.bridge4fun.pt\/novo2\/wp-content\/uploads\/2020\/08\/taca.gif&#8221; admin_label=&#8221;Juice Type&#8221; _builder_version=&#8221;4.6.0&#8243; header_font=&#8221;Oswald|||on|||||&#8221; header_text_align=&#8221;center&#8221; header_font_size=&#8221;20px&#8221; header_letter_spacing=&#8221;2px&#8221; header_line_height=&#8221;1.4em&#8221; body_font=&#8221;Open Sans|600|||||||&#8221; body_text_align=&#8221;center&#8221; body_font_size=&#8221;16px&#8221; body_line_height=&#8221;1.8em&#8221; background_color=&#8221;#fc6a3c&#8221; background_layout=&#8221;dark&#8221; custom_margin=&#8221;||-17px|||&#8221; custom_padding=&#8221;60px|40px|3px|40px||&#8221; animation_style=&#8221;zoom&#8221; animation_delay=&#8221;100ms&#8221; animation_intensity_zoom=&#8221;10%&#8221; animation=&#8221;off&#8221; border_radii=&#8221;on|6px|6px|6px|6px&#8221; box_shadow_style=&#8221;preset1&#8243; box_shadow_vertical=&#8221;20px&#8221; box_shadow_blur=&#8221;50px&#8221; box_shadow_color=&#8221;rgba(0,0,0,0.1)&#8221; locked=&#8221;off&#8221;]<\/p>\n<p style=\"text-align: left;\">Galeria dos vencedores das principais provas do calend\u00e1rio nacional<\/p>\n<p style=\"text-align: center;\"><a href=\"https:\/\/www.bridge4fun.pt\/?page_id=375(opens in a new tab)\">ver link<\/a><\/p>\n<p>[\/et_pb_blurb][\/et_pb_column][\/et_pb_row][\/et_pb_section][et_pb_section fb_built=&#8221;1&#8243; admin_label=&#8221;Intro Section&#8221; _builder_version=&#8221;3.22&#8243; custom_padding=&#8221;0px|0px|60px|0px||&#8221;][et_pb_row column_structure=&#8221;2_5,3_5&#8243; admin_label=&#8221;Intro Row&#8221; _builder_version=&#8221;3.25&#8243;][et_pb_column type=&#8221;2_5&#8243; _builder_version=&#8221;3.25&#8243; custom_padding=&#8221;|||&#8221; custom_padding__hover=&#8221;|||&#8221;][et_pb_image src=&#8221;https:\/\/www.bridge4fun.pt\/novo2\/wp-content\/uploads\/2020\/08\/Logo_B4F-slogan_3-e1597670380323.jpg&#8221; _builder_version=&#8221;4.0.9&#8243; custom_padding=&#8221;|0px||||&#8221;][\/et_pb_image][\/et_pb_column][et_pb_column type=&#8221;3_5&#8243; _builder_version=&#8221;3.25&#8243; custom_padding=&#8221;|||&#8221; custom_padding__hover=&#8221;|||&#8221;][et_pb_text _builder_version=&#8221;4.6.0&#8243; text_font_size=&#8221;16px&#8221; custom_margin=&#8221;|||-52px||&#8221;]<\/p>\n<h1 style=\"text-align: center;\"><span color=\"#000080\" style=\"color: #000080;\">INICIATIVAS B4F<\/span><\/h1>\n<p><span style=\"color: #000080;\"><span color=\"#333399\">Devido ao surto pand\u00e9mico respons\u00e1vel pelo cancelamento de todas as actividades ao vivo, o B4F tem vindo a organizar um conjunto de iniciativas gratuitas no BBO que t\u00eam contado com um consider\u00e1vel n\u00famero de particantes. Ver mais detalhes em<\/span><\/span><\/p>\n<h3 style=\"text-align: center;\"><a href=\"https:\/\/www.bridge4fun.pt\/novo2\/teste-blog\"><span style=\"color: #000080;\"><span color=\"#333399\">NOT\u00cdCIAS<\/span><\/span><\/a><\/h3>\n<p style=\"text-align: center;\"><span style=\"color: #000080;\"><span color=\"#333399\"><img loading=\"lazy\" decoding=\"async\" src=\"https:\/\/www.bridge4fun.pt\/novo2\/wp-content\/uploads\/2020\/08\/bbocolorlogo.png\" width=\"146\" height=\"83\" alt=\"\" class=\"wp-image-213 alignnone size-full\" \/><\/span><\/span><\/p>\n<p>[\/et_pb_text][\/et_pb_column][\/et_pb_row][\/et_pb_section][et_pb_section fb_built=&#8221;1&#8243; admin_label=&#8221;Products Section&#8221; _builder_version=&#8221;3.22&#8243; custom_padding=&#8221;3px|0px|45px|0px||&#8221;][et_pb_row admin_label=&#8221;Section Header Row&#8221; _builder_version=&#8221;3.25&#8243; custom_padding=&#8221;0px|0px|27px|0px&#8221;][et_pb_column type=&#8221;4_4&#8243; _builder_version=&#8221;3.25&#8243; custom_padding=&#8221;|||&#8221; custom_padding__hover=&#8221;|||&#8221;][et_pb_comments _builder_version=&#8221;4.6.0&#8243; _module_preset=&#8221;default&#8221;][\/et_pb_comments][\/et_pb_column][\/et_pb_row][\/et_pb_section][et_pb_section fb_built=&#8221;1&#8243; admin_label=&#8221;Contact Section&#8221; _builder_version=&#8221;4.0.9&#8243; use_background_color_gradient=&#8221;on&#8221; background_color_gradient_start=&#8221;#ffffff&#8221; background_color_gradient_end=&#8221;rgba(255,255,255,0)&#8221; background_color_gradient_start_position=&#8221;20%&#8221; background_color_gradient_end_position=&#8221;80%&#8221; background_color_gradient_overlays_image=&#8221;on&#8221; background_enable_image=&#8221;off&#8221; background_position=&#8221;bottom_center&#8221; custom_margin=&#8221;-86px|||||&#8221; custom_padding=&#8221;78px|0px|0px|0px||&#8221; saved_tabs=&#8221;all&#8221;][\/et_pb_section]<\/p>\n","protected":false},"excerpt":{"rendered":"<p>[et_pb_section fb_built=&#8221;1&#8243; fullwidth=&#8221;on&#8221; admin_label=&#8221;Header Section&#8221; _builder_version=&#8221;3.22&#8243; background_color=&#8221;#dadde2&#8243;][et_pb_fullwidth_header title=&#8221;B4F&#8221; subhead=&#8221;porque o bridge \u00e9 uma paix\u00e3o&#8221; text_orientation=&#8221;center&#8221; _builder_version=&#8221;4.0.9&#8243; title_font=&#8221;Open Sans|700||on|||||&#8221; title_text_color=&#8221;#ffffff&#8221; title_font_size=&#8221;9vw&#8221; title_letter_spacing=&#8221;15px&#8221; title_line_height=&#8221;1.4em&#8221; content_font=&#8221;||||||||&#8221; subhead_font=&#8221;Open Sans|700||on|||||&#8221; subhead_text_color=&#8221;rgba(12,12,12,0.2)&#8221; subhead_font_size=&#8221;24px&#8221; subhead_letter_spacing=&#8221;7px&#8221; subhead_line_height=&#8221;1.4em&#8221; background_color=&#8221;rgba(255, 255, 255, 0)&#8221; background_enable_image=&#8221;off&#8221; background_position=&#8221;bottom_center&#8221; custom_padding=&#8221;0%||0.1%|||&#8221; animation_style=&#8221;zoom&#8221; animation_direction=&#8221;bottom&#8221; animation_intensity_zoom=&#8221;8%&#8221; title_text_shadow_style=&#8221;preset5&#8243; title_text_shadow_color=&#8221;#0C71C3&#8243; button_one_text_size__hover_enabled=&#8221;off&#8221; button_two_text_size__hover_enabled=&#8221;off&#8221; button_one_text_color__hover_enabled=&#8221;off&#8221; button_two_text_color__hover_enabled=&#8221;off&#8221; button_one_border_width__hover_enabled=&#8221;off&#8221; button_two_border_width__hover_enabled=&#8221;off&#8221; button_one_border_color__hover_enabled=&#8221;off&#8221; button_two_border_color__hover_enabled=&#8221;off&#8221; button_one_border_radius__hover_enabled=&#8221;off&#8221; button_two_border_radius__hover_enabled=&#8221;off&#8221; button_one_letter_spacing__hover_enabled=&#8221;off&#8221; button_two_letter_spacing__hover_enabled=&#8221;off&#8221; button_one_bg_color__hover_enabled=&#8221;off&#8221; button_two_bg_color__hover_enabled=&#8221;off&#8221;][\/et_pb_fullwidth_header][\/et_pb_section][et_pb_section [&hellip;]<\/p>\n","protected":false},"author":2,"featured_media":0,"parent":0,"menu_order":0,"comment_status":"closed","ping_status":"closed","template":"","meta":{"_et_pb_use_builder":"on","_et_pb_old_content":"","_et_gb_content_width":"","footnotes":""},"class_list":["post-215","page","type-page","status-publish","hentry"],"_links":{"self":[{"href":"https:\/\/www.bridge4fun.pt\/index.php?rest_route=\/wp\/v2\/pages\/215","targetHints":{"allow":["GET"]}}],"collection":[{"href":"https:\/\/www.bridge4fun.pt\/index.php?rest_route=\/wp\/v2\/pages"}],"about":[{"href":"https:\/\/www.bridge4fun.pt\/index.php?rest_route=\/wp\/v2\/types\/page"}],"author":[{"embeddable":true,"href":"https:\/\/www.bridge4fun.pt\/index.php?rest_route=\/wp\/v2\/users\/2"}],"replies":[{"embeddable":true,"href":"https:\/\/www.bridge4fun.pt\/index.php?rest_route=%2Fwp%2Fv2%2Fcomments&post=215"}],"version-history":[{"count":9,"href":"https:\/\/www.bridge4fun.pt\/index.php?rest_route=\/wp\/v2\/pages\/215\/revisions"}],"predecessor-version":[{"id":4187,"href":"https:\/\/www.bridge4fun.pt\/index.php?rest_route=\/wp\/v2\/pages\/215\/revisions\/4187"}],"wp:attachment":[{"href":"https:\/\/www.bridge4fun.pt\/index.php?rest_route=%2Fwp%2Fv2%2Fmedia&parent=215"}],"curies":[{"name":"wp","href":"https:\/\/api.w.org\/{rel}","templated":true}]}}