{"id":627,"date":"2020-08-23T11:01:33","date_gmt":"2020-08-23T11:01:33","guid":{"rendered":"https:\/\/www.bridge4fun.pt\/novo2\/?page_id=627"},"modified":"2021-12-07T19:29:44","modified_gmt":"2021-12-07T19:29:44","slug":"convencoes-2","status":"publish","type":"page","link":"https:\/\/www.bridge4fun.pt\/?page_id=627","title":{"rendered":"Conven\u00e7\u00f5es"},"content":{"rendered":"\n[et_pb_section fb_built=&#8221;1&#8243; fullwidth=&#8221;on&#8221; admin_label=&#8221;Header Section&#8221; _builder_version=&#8221;3.22&#8243; background_color=&#8221;#dadde2&#8243;][et_pb_fullwidth_header title=&#8221;escola bridge&#8221; subhead=&#8221;Porque o bridge \u00e9 uma paix\u00e3o&#8221; text_orientation=&#8221;center&#8221; _builder_version=&#8221;4.0.9&#8243; title_font=&#8221;Arial|300||on|||||&#8221; title_text_color=&#8221;#ffffff&#8221; title_font_size=&#8221;65px&#8221; title_letter_spacing=&#8221;10px&#8221; title_line_height=&#8221;1.4em&#8221; content_font=&#8221;||||||||&#8221; subhead_font=&#8221;Oswald|||on|||||&#8221; subhead_text_color=&#8221;rgba(12,12,12,0.2)&#8221; subhead_font_size=&#8221;26px&#8221; subhead_letter_spacing=&#8221;9px&#8221; subhead_line_height=&#8221;1.4em&#8221; background_color=&#8221;rgba(82,179,221,0.31)&#8221; background_enable_image=&#8221;off&#8221; background_position=&#8221;bottom_center&#8221; custom_padding=&#8221;0.1%||0.2%|||&#8221; animation_style=&#8221;zoom&#8221; animation_direction=&#8221;bottom&#8221; animation_intensity_zoom=&#8221;8%&#8221; title_text_shadow_style=&#8221;preset4&#8243; title_text_shadow_color=&#8221;#0C71C3&#8243; button_one_text_size__hover_enabled=&#8221;off&#8221; button_two_text_size__hover_enabled=&#8221;off&#8221; button_one_text_color__hover_enabled=&#8221;off&#8221; button_two_text_color__hover_enabled=&#8221;off&#8221; button_one_border_width__hover_enabled=&#8221;off&#8221; button_two_border_width__hover_enabled=&#8221;off&#8221; button_one_border_color__hover_enabled=&#8221;off&#8221; button_two_border_color__hover_enabled=&#8221;off&#8221; button_one_border_radius__hover_enabled=&#8221;off&#8221; button_two_border_radius__hover_enabled=&#8221;off&#8221; button_one_letter_spacing__hover_enabled=&#8221;off&#8221; button_two_letter_spacing__hover_enabled=&#8221;off&#8221; button_one_bg_color__hover_enabled=&#8221;off&#8221; button_two_bg_color__hover_enabled=&#8221;off&#8221;][\/et_pb_fullwidth_header][\/et_pb_section][et_pb_section fb_built=&#8221;1&#8243; _builder_version=&#8221;3.22&#8243; custom_margin=&#8221;-1px||-117px|||&#8221; custom_padding=&#8221;78px|0px|0px|0px||&#8221;][et_pb_row use_custom_gutter=&#8221;on&#8221; gutter_width=&#8221;2&#8243; _builder_version=&#8221;3.25&#8243; custom_margin=&#8221;-63px|auto||auto||&#8221; custom_padding=&#8221;||22px|||&#8221;][et_pb_column type=&#8221;4_4&#8243; _builder_version=&#8221;3.25&#8243; custom_padding=&#8221;|||&#8221; custom_padding__hover=&#8221;|||&#8221;][et_pb_text _builder_version=&#8221;4.0.9&#8243; text_font=&#8221;Arial||||||||&#8221;]<h1 style=\"text-align: center;\"><span style=\"color: #000080;\">CONVEN\u00c7\u00d5ES<\/span><\/h1>[\/et_pb_text][\/et_pb_column][\/et_pb_row][\/et_pb_section][et_pb_section fb_built=&#8221;1&#8243; _builder_version=&#8221;4.0.9&#8243; custom_margin=&#8221;||-6px|||&#8221; custom_padding=&#8221;||2px|||&#8221;][et_pb_row _builder_version=&#8221;4.0.9&#8243; custom_padding=&#8221;||45px|||&#8221;][et_pb_column type=&#8221;4_4&#8243; _builder_version=&#8221;4.0.9&#8243;][et_pb_text _builder_version=&#8221;4.0.9&#8243; text_font_size=&#8221;16px&#8221;]<p>A lista de conven\u00e7\u00f5es aqui apresentada \u00e9 apenas a ponta do iceberg. S\u00e3o milhares as conven\u00e7\u00f5es criadas ao longo da hist\u00f3ria da modalidade e muitas mais as vers\u00f5es diferentes de cada uma. Escolhemos as que entendemos ser mais comuns na bagagem da maioria das parcerias.\u00a0<\/p>\n<p>Estamos \u00e0 vossa disposi\u00e7\u00e3o para acolher outras sugest\u00f5es.<\/p>[\/et_pb_text][\/et_pb_column][\/et_pb_row][\/et_pb_section][et_pb_section fb_built=&#8221;1&#8243; _builder_version=&#8221;4.0.9&#8243; custom_padding=&#8221;0px|||||&#8221;][et_pb_row column_structure=&#8221;1_3,1_3,1_3&#8243; _builder_version=&#8221;4.0.9&#8243; custom_padding=&#8221;5px|||||&#8221;][et_pb_column type=&#8221;1_3&#8243; _builder_version=&#8221;4.0.9&#8243;][et_pb_blurb title=&#8221;SPLINTER&#8221; image=&#8221;https:\/\/www.bridge4fun.pt\/novo2\/wp-content\/uploads\/2020\/08\/canguru-e1598187174161.jpg&#8221; _builder_version=&#8221;4.0.9&#8243;]<p>A voz mostra apoio no naipe do parceiro, singleton (raramente chicane) no naipe anunciado e for\u00e7a de partida. Tudo numa \u00fanica voz!<\/p>\n<p>Dado o espa\u00e7o que consome a for\u00e7a tem de ser naturalmente limitada, o que n\u00e3o impede que existam muitas variantes.<\/p>\n<p style=\"text-align: center;\"><a href=\"https:\/\/www.bridge4fun.pt\/escola\/manuais\/Revistos\/splinter.html\">ver conven\u00e7\u00e3o<\/a><\/p>[\/et_pb_blurb][\/et_pb_column][et_pb_column type=&#8221;1_3&#8243; _builder_version=&#8221;4.0.9&#8243;][et_pb_blurb title=&#8221;Checkback Stayman&#8221; image=&#8221;https:\/\/www.bridge4fun.pt\/novo2\/wp-content\/uploads\/2020\/08\/checkback-e1598273178864.jpg&#8221; _builder_version=&#8221;4.0.9&#8243;]<p>Trata-se de uma variante do Stayman ap\u00f3s rebide do abridor em 1ST e 2ST. Permite descobrir fits 5-3 e 4-4 em naipes ricos, distinguir a estrutura balan\u00e7ada da n\u00e3o balan\u00e7ada do abridor e fazer uma clara distin\u00e7\u00e3o entre sequ\u00eancias for\u00e7antes e n\u00e3o for\u00e7antes. Na op\u00e7\u00e3o two-way permite ainda separar as m\u00e3os de convite do FG<\/p>\n<p style=\"text-align: center;\"><a href=\"https:\/\/www.bridge4fun.pt\/escola\/manuais\/Revistos\/checkback.html\">ver conven\u00e7\u00e3o<\/a><\/p>[\/et_pb_blurb][\/et_pb_column][et_pb_column type=&#8221;1_3&#8243; _builder_version=&#8221;4.0.9&#8243;][et_pb_blurb title=&#8221;Menores invertidos&#8221; image=&#8221;https:\/\/www.bridge4fun.pt\/novo2\/wp-content\/uploads\/2020\/08\/invminor-e1598294361632.jpg&#8221; _builder_version=&#8221;4.0.9&#8243;]<p>A ideia \u00e9 reproduzir os escal\u00f5es de apoio a aberturas em naipe rico sem ultrapassar o contrato de 3ST. Para tal inverte-se o significado dos apoios simples e dos apoios em salto e cria-se uma ferramenta adicional para as m\u00e3os interm\u00e9dias com apoio. Como em qualquer outra ferramenta de leil\u00e3o \u00e9 importante cumprir os requisitos de utiliza\u00e7\u00e3o.<\/p>\n<p style=\"text-align: center;\"><a href=\"https:\/\/www.bridge4fun.pt\/escola\/manuais\/Revistos\/invminor.html\">ver conven\u00e7\u00e3o<\/a><\/p>[\/et_pb_blurb][\/et_pb_column][\/et_pb_row][et_pb_row column_structure=&#8221;1_3,1_3,1_3&#8243; _builder_version=&#8221;4.0.9&#8243; custom_padding=&#8221;5px|||||&#8221;][et_pb_column type=&#8221;1_3&#8243; _builder_version=&#8221;4.0.9&#8243;][et_pb_blurb title=&#8221;OS APOIOS BERGEN&#8221; image=&#8221;https:\/\/www.bridge4fun.pt\/novo2\/wp-content\/uploads\/2020\/08\/bergen-e1598312083253.jpg&#8221; _builder_version=&#8221;4.0.9&#8243;]<p>Vamos fazer uma pequena viagem aos populares apoios Bergen, uma conven\u00e7\u00e3o que se apoia na Lei das Vazas Totais. Apresentaremos tamb\u00e9m uma vers\u00e3o modificada que aparece no nosso 2\/1 e que, acreditamos, ser mais eficaz e com um maior leque de op\u00e7\u00f5es, mas com o mesmo suporte te\u00f3rico<\/p>\n<p style=\"text-align: center;\"><a href=\"https:\/\/www.bridge4fun.pt\/escola\/manuais\/Revistos\/bergen.html\">ver conven\u00e7\u00e3o<\/a><\/p>[\/et_pb_blurb][\/et_pb_column][et_pb_column type=&#8221;1_3&#8243; _builder_version=&#8221;4.0.9&#8243;][et_pb_blurb title=&#8221;1ST FORCING&#8221; image=&#8221;https:\/\/www.bridge4fun.pt\/novo2\/wp-content\/uploads\/2020\/08\/panther-e1598364667760.jpg&#8221; _builder_version=&#8221;4.0.9&#8243;]<p>\u00a0A conven\u00e7\u00e3o faz parte da grande maioria das vers\u00f5es do 2\/1, se bem que muitas parcerias estejam a abandonar a conven\u00e7\u00e3o ou, no m\u00ednimo, a introduzir-lhe algumas altera\u00e7\u00f5es, nomedamente o conceito de semi-forcing. Para j\u00e1 vamos ficar-nos pelos desenvolvimentos tradicionais.<\/p>\n<p style=\"text-align: center;\"><a href=\"https:\/\/www.bridge4fun.pt\/escola\/manuais\/Revistos\/1stF.html\">ver conven\u00e7\u00e3o<\/a><\/p>[\/et_pb_blurb][\/et_pb_column][et_pb_column type=&#8221;1_3&#8243; _builder_version=&#8221;4.0.9&#8243;][et_pb_blurb title=&#8221;2 FRACO; 2 MULTI; BICOLORES&#8221; image=&#8221;https:\/\/www.bridge4fun.pt\/novo2\/wp-content\/uploads\/2020\/08\/coyote-e1598377796107.jpg&#8221; _builder_version=&#8221;4.0.9&#8243; hover_enabled=&#8221;0&#8243;]<p>Aqui vamos abordar diferentes aberturas ao n\u00edvel 2 fracas (excep\u00e7\u00e3o para as op\u00e7\u00f5es fortes do multicolor) e respectivos desenvolvimentos. Algumas das conven\u00e7\u00f5es s\u00e3o incompat\u00edveis para serem utilizadas no mesmo sistema, mas existem algumas combina\u00e7\u00f5es poss\u00edveis que aqui abordaremos.<\/p>\n<p style=\"text-align: center;\"><a href=\"https:\/\/www.bridge4fun.pt\/escola\/manuais\/Revistos\/2fraco.html\">ver conven\u00e7\u00e3o<\/a><\/p>\n[\/et_pb_blurb][\/et_pb_column][\/et_pb_row][\/et_pb_section][et_pb_section fb_built=&#8221;1&#8243; _builder_version=&#8221;4.0.9&#8243;][et_pb_row _builder_version=&#8221;4.0.9&#8243;][et_pb_column type=&#8221;4_4&#8243; _builder_version=&#8221;4.0.9&#8243;][et_pb_comments _builder_version=&#8221;4.0.9&#8243;][\/et_pb_comments][\/et_pb_column][\/et_pb_row][\/et_pb_section]\n","protected":false},"excerpt":{"rendered":"","protected":false},"author":2,"featured_media":0,"parent":0,"menu_order":0,"comment_status":"closed","ping_status":"closed","template":"","meta":{"_et_pb_use_builder":"on","_et_pb_old_content":"","_et_gb_content_width":"","footnotes":""},"class_list":["post-627","page","type-page","status-publish","hentry"],"_links":{"self":[{"href":"https:\/\/www.bridge4fun.pt\/index.php?rest_route=\/wp\/v2\/pages\/627","targetHints":{"allow":["GET"]}}],"collection":[{"href":"https:\/\/www.bridge4fun.pt\/index.php?rest_route=\/wp\/v2\/pages"}],"about":[{"href":"https:\/\/www.bridge4fun.pt\/index.php?rest_route=\/wp\/v2\/types\/page"}],"author":[{"embeddable":true,"href":"https:\/\/www.bridge4fun.pt\/index.php?rest_route=\/wp\/v2\/users\/2"}],"replies":[{"embeddable":true,"href":"https:\/\/www.bridge4fun.pt\/index.php?rest_route=%2Fwp%2Fv2%2Fcomments&post=627"}],"version-history":[{"count":10,"href":"https:\/\/www.bridge4fun.pt\/index.php?rest_route=\/wp\/v2\/pages\/627\/revisions"}],"predecessor-version":[{"id":1608,"href":"https:\/\/www.bridge4fun.pt\/index.php?rest_route=\/wp\/v2\/pages\/627\/revisions\/1608"}],"wp:attachment":[{"href":"https:\/\/www.bridge4fun.pt\/index.php?rest_route=%2Fwp%2Fv2%2Fmedia&parent=627"}],"curies":[{"name":"wp","href":"https:\/\/api.w.org\/{rel}","templated":true}]}}