{"id":707,"date":"2020-08-26T17:35:21","date_gmt":"2020-08-26T17:35:21","guid":{"rendered":"https:\/\/www.bridge4fun.pt\/novo2\/?page_id=707"},"modified":"2020-08-27T22:40:21","modified_gmt":"2020-08-27T22:40:21","slug":"artigos-com-interesse","status":"publish","type":"page","link":"https:\/\/www.bridge4fun.pt\/?page_id=707","title":{"rendered":"Artigos com interesse"},"content":{"rendered":"<p>[et_pb_section fb_built=&#8221;1&#8243; fullwidth=&#8221;on&#8221; admin_label=&#8221;Header Section&#8221; _builder_version=&#8221;3.22&#8243; background_color=&#8221;#dadde2&#8243;][et_pb_fullwidth_header title=&#8221;escola bridge&#8221; subhead=&#8221;Porque o bridge \u00e9 uma paix\u00e3o&#8221; text_orientation=&#8221;center&#8221; _builder_version=&#8221;4.0.9&#8243; title_font=&#8221;Arial|300||on|||||&#8221; title_text_color=&#8221;#ffffff&#8221; title_font_size=&#8221;65px&#8221; title_letter_spacing=&#8221;10px&#8221; title_line_height=&#8221;1.4em&#8221; content_font=&#8221;||||||||&#8221; subhead_font=&#8221;Oswald|||on|||||&#8221; subhead_text_color=&#8221;rgba(12,12,12,0.2)&#8221; subhead_font_size=&#8221;26px&#8221; subhead_letter_spacing=&#8221;9px&#8221; subhead_line_height=&#8221;1.4em&#8221; background_color=&#8221;rgba(82,179,221,0.31)&#8221; background_enable_image=&#8221;off&#8221; background_position=&#8221;bottom_center&#8221; custom_padding=&#8221;0.1%||0.2%|||&#8221; animation_style=&#8221;zoom&#8221; animation_direction=&#8221;bottom&#8221; animation_intensity_zoom=&#8221;8%&#8221; title_text_shadow_style=&#8221;preset4&#8243; title_text_shadow_color=&#8221;#0C71C3&#8243; button_one_text_size__hover_enabled=&#8221;off&#8221; button_two_text_size__hover_enabled=&#8221;off&#8221; button_one_text_color__hover_enabled=&#8221;off&#8221; button_two_text_color__hover_enabled=&#8221;off&#8221; button_one_border_width__hover_enabled=&#8221;off&#8221; button_two_border_width__hover_enabled=&#8221;off&#8221; button_one_border_color__hover_enabled=&#8221;off&#8221; button_two_border_color__hover_enabled=&#8221;off&#8221; button_one_border_radius__hover_enabled=&#8221;off&#8221; button_two_border_radius__hover_enabled=&#8221;off&#8221; button_one_letter_spacing__hover_enabled=&#8221;off&#8221; button_two_letter_spacing__hover_enabled=&#8221;off&#8221; button_one_bg_color__hover_enabled=&#8221;off&#8221; button_two_bg_color__hover_enabled=&#8221;off&#8221;][\/et_pb_fullwidth_header][\/et_pb_section][et_pb_section fb_built=&#8221;1&#8243; _builder_version=&#8221;3.22&#8243; custom_margin=&#8221;-1px||-117px|||&#8221; custom_padding=&#8221;78px|0px|0px|0px||&#8221;][et_pb_row use_custom_gutter=&#8221;on&#8221; gutter_width=&#8221;2&#8243; _builder_version=&#8221;3.25&#8243; custom_margin=&#8221;-63px|auto||auto||&#8221; custom_padding=&#8221;||22px|||&#8221;][et_pb_column type=&#8221;4_4&#8243; _builder_version=&#8221;3.25&#8243; custom_padding=&#8221;|||&#8221; custom_padding__hover=&#8221;|||&#8221;][et_pb_text _builder_version=&#8221;4.0.9&#8243; text_font=&#8221;Arial||||||||&#8221;]<\/p>\n<h1 style=\"text-align: center;\"><span style=\"color: #000080;\">ARTIGOS COM INTERESSE<\/span><\/h1>\n<p>[\/et_pb_text][\/et_pb_column][\/et_pb_row][\/et_pb_section][et_pb_section fb_built=&#8221;1&#8243; _builder_version=&#8221;4.0.9&#8243; custom_margin=&#8221;||-6px|||&#8221; custom_padding=&#8221;||2px|||&#8221;][et_pb_row _builder_version=&#8221;4.0.9&#8243; custom_padding=&#8221;||45px|||&#8221;][et_pb_column type=&#8221;4_4&#8243; _builder_version=&#8221;4.0.9&#8243;][et_pb_text _builder_version=&#8221;4.0.9&#8243; text_font_size=&#8221;16px&#8221;]<\/p>\n<p>Neste espa\u00e7o iremos publicar alguns artigos que entendemos \u00fateis para a divulga\u00e7\u00e3o da modalidade e que est\u00e1 aberto \u00e0 vossa colabora\u00e7\u00e3o. Enviem-nos o que gostariam de ver publicado e assim ser\u00e1.<\/p>\n<p>[\/et_pb_text][\/et_pb_column][\/et_pb_row][\/et_pb_section][et_pb_section fb_built=&#8221;1&#8243; _builder_version=&#8221;4.0.9&#8243;][et_pb_row column_structure=&#8221;1_2,1_2&#8243; _builder_version=&#8221;4.0.9&#8243;][et_pb_column type=&#8221;1_2&#8243; _builder_version=&#8221;4.0.9&#8243;][et_pb_blurb title=&#8221;A FUN\u00c7\u00c3O EDUCATIVA DO BRIDGE&#8221; image=&#8221;https:\/\/www.bridge4fun.pt\/novo2\/wp-content\/uploads\/2020\/08\/ELSA.jpg&#8221; _builder_version=&#8221;4.0.9&#8243;]<\/p>\n<p>por Elsa Cagner<\/p>\n<p>A Escola de Bridge traduziu este artigo da Professora Elsa Cagner por entender que o mesmo \u00e9 fundamental para destacar a import\u00e2ncia do ensino do bridge na comunidade escolar como ferramenta poderosa no desenvolvimento cognitivo dos mais jovens.<\/p>\n<p style=\"text-align: center;\"><a href=\"https:\/\/www.bridge4fun.pt\/escola\/manuais\/Revistos\/elsa.html\">ver artigo<\/a><\/p>\n<p>[\/et_pb_blurb][\/et_pb_column][et_pb_column type=&#8221;1_2&#8243; _builder_version=&#8221;4.0.9&#8243;][et_pb_blurb title=&#8221;CABIDE E AMOR DA P\u00c1TRIA&#8221; image=&#8221;https:\/\/www.bridge4fun.pt\/novo2\/wp-content\/uploads\/2020\/08\/cabide-e1598476974961.jpg&#8221; _builder_version=&#8221;4.0.9&#8243;]<\/p>\n<p>por Ant\u00f3nio Eanes<\/p>\n<p>Um artigo publicado faz uns anos no jornal P\u00fablico que ajuda a perceber a origem da express\u00e3o portuguesa, t\u00e3o diferente da designa\u00e7\u00e3o utilizada por esse Mundo fora para os pequenos ou grandes insucessos porque passam todos os jogadores de bridge.<\/p>\n<p style=\"text-align: center;\"><a href=\"https:\/\/www.bridge4fun.pt\/escola\/manuais\/Revistos\/cabide.html\">ver artigo<\/a><\/p>\n<p>[\/et_pb_blurb][\/et_pb_column][\/et_pb_row][et_pb_row column_structure=&#8221;1_2,1_2&#8243; _builder_version=&#8221;4.0.9&#8243;][et_pb_column type=&#8221;1_2&#8243; _builder_version=&#8221;4.0.9&#8243;][et_pb_blurb title=&#8221;BRIDGE: DESPORTO OU PASSATEMPO&#8221; image=&#8221;https:\/\/www.bridge4fun.pt\/novo2\/wp-content\/uploads\/2020\/08\/mo.gif&#8221; _builder_version=&#8221;4.6.0&#8243; hover_enabled=&#8221;0&#8243; title_text=&#8221;mo&#8221; sticky_enabled=&#8221;0&#8243;]<\/p>\n<p>por Manuel Oliveira<\/p>\n<p>Jogador de primeira linha do bridge nacional, v\u00e1rias vezes representante de Portugal em competi\u00e7\u00f5es internacionais, o Manuel Oliveira tem tamb\u00e9m um olhar atento sobre a modalidade. O artigo que aqui publicamos j\u00e1 tem uns anitos, mas continua bastante actual.<\/p>\n<p style=\"text-align: center;\"><a href=\"https:\/\/www.bridge4fun.pt\/escola\/manuais\/Revistos\/moliveira.html\">ver artigo<\/a><\/p>\n<p>[\/et_pb_blurb][\/et_pb_column][et_pb_column type=&#8221;1_2&#8243; _builder_version=&#8221;4.0.9&#8243;][et_pb_blurb title=&#8221;PROMOTING BRIDGE&#8221; image=&#8221;https:\/\/www.bridge4fun.pt\/novo2\/wp-content\/uploads\/2020\/08\/ABFLogo.png&#8221; _builder_version=&#8221;4.6.0&#8243; hover_enabled=&#8221;0&#8243; sticky_enabled=&#8221;0&#8243; title_text=&#8221;ABFLogo&#8221;]<\/p>\n<p>Australian Bridge Federation<\/p>\n<p>Um artigo que merece uma leitura muito atenta para quem se interessa pela promo\u00e7\u00e3o da modalidade e que aponta caminhos que convocam as estruturas dirigentes do bridge nacional e todos os agentes desportivos para o que urge fazer no sentido de captar mais praticantes para a modalidade.<\/p>\n<p>A ler com muita aten\u00e7\u00e3o<\/p>\n<p style=\"text-align: center;\"><a href=\"https:\/\/www.bridge4fun.pt\/escola\/manuais\/Revistos\/PromotingBridge.html\">ver artigo<\/a><\/p>\n<p>[\/et_pb_blurb][\/et_pb_column][\/et_pb_row][\/et_pb_section][et_pb_section fb_built=&#8221;1&#8243; _builder_version=&#8221;4.0.9&#8243;][et_pb_row _builder_version=&#8221;4.0.9&#8243;][et_pb_column type=&#8221;4_4&#8243; _builder_version=&#8221;4.0.9&#8243;][et_pb_comments _builder_version=&#8221;4.0.9&#8243;][\/et_pb_comments][\/et_pb_column][\/et_pb_row][\/et_pb_section]<\/p>\n","protected":false},"excerpt":{"rendered":"<p>[et_pb_section fb_built=&#8221;1&#8243; fullwidth=&#8221;on&#8221; admin_label=&#8221;Header Section&#8221; _builder_version=&#8221;3.22&#8243; background_color=&#8221;#dadde2&#8243;][et_pb_fullwidth_header title=&#8221;escola bridge&#8221; subhead=&#8221;Porque o bridge \u00e9 uma paix\u00e3o&#8221; text_orientation=&#8221;center&#8221; _builder_version=&#8221;4.0.9&#8243; title_font=&#8221;Arial|300||on|||||&#8221; title_text_color=&#8221;#ffffff&#8221; title_font_size=&#8221;65px&#8221; title_letter_spacing=&#8221;10px&#8221; title_line_height=&#8221;1.4em&#8221; content_font=&#8221;||||||||&#8221; subhead_font=&#8221;Oswald|||on|||||&#8221; subhead_text_color=&#8221;rgba(12,12,12,0.2)&#8221; subhead_font_size=&#8221;26px&#8221; subhead_letter_spacing=&#8221;9px&#8221; subhead_line_height=&#8221;1.4em&#8221; background_color=&#8221;rgba(82,179,221,0.31)&#8221; background_enable_image=&#8221;off&#8221; background_position=&#8221;bottom_center&#8221; custom_padding=&#8221;0.1%||0.2%|||&#8221; animation_style=&#8221;zoom&#8221; animation_direction=&#8221;bottom&#8221; animation_intensity_zoom=&#8221;8%&#8221; title_text_shadow_style=&#8221;preset4&#8243; title_text_shadow_color=&#8221;#0C71C3&#8243; button_one_text_size__hover_enabled=&#8221;off&#8221; button_two_text_size__hover_enabled=&#8221;off&#8221; button_one_text_color__hover_enabled=&#8221;off&#8221; button_two_text_color__hover_enabled=&#8221;off&#8221; button_one_border_width__hover_enabled=&#8221;off&#8221; button_two_border_width__hover_enabled=&#8221;off&#8221; button_one_border_color__hover_enabled=&#8221;off&#8221; button_two_border_color__hover_enabled=&#8221;off&#8221; button_one_border_radius__hover_enabled=&#8221;off&#8221; button_two_border_radius__hover_enabled=&#8221;off&#8221; button_one_letter_spacing__hover_enabled=&#8221;off&#8221; button_two_letter_spacing__hover_enabled=&#8221;off&#8221; button_one_bg_color__hover_enabled=&#8221;off&#8221; button_two_bg_color__hover_enabled=&#8221;off&#8221;][\/et_pb_fullwidth_header][\/et_pb_section][et_pb_section fb_built=&#8221;1&#8243; _builder_version=&#8221;3.22&#8243; custom_margin=&#8221;-1px||-117px|||&#8221; custom_padding=&#8221;78px|0px|0px|0px||&#8221;][et_pb_row [&hellip;]<\/p>\n","protected":false},"author":2,"featured_media":0,"parent":0,"menu_order":0,"comment_status":"open","ping_status":"closed","template":"","meta":{"_et_pb_use_builder":"on","_et_pb_old_content":"","_et_gb_content_width":"","footnotes":""},"class_list":["post-707","page","type-page","status-publish","hentry"],"_links":{"self":[{"href":"https:\/\/www.bridge4fun.pt\/index.php?rest_route=\/wp\/v2\/pages\/707","targetHints":{"allow":["GET"]}}],"collection":[{"href":"https:\/\/www.bridge4fun.pt\/index.php?rest_route=\/wp\/v2\/pages"}],"about":[{"href":"https:\/\/www.bridge4fun.pt\/index.php?rest_route=\/wp\/v2\/types\/page"}],"author":[{"embeddable":true,"href":"https:\/\/www.bridge4fun.pt\/index.php?rest_route=\/wp\/v2\/users\/2"}],"replies":[{"embeddable":true,"href":"https:\/\/www.bridge4fun.pt\/index.php?rest_route=%2Fwp%2Fv2%2Fcomments&post=707"}],"version-history":[{"count":7,"href":"https:\/\/www.bridge4fun.pt\/index.php?rest_route=\/wp\/v2\/pages\/707\/revisions"}],"predecessor-version":[{"id":738,"href":"https:\/\/www.bridge4fun.pt\/index.php?rest_route=\/wp\/v2\/pages\/707\/revisions\/738"}],"wp:attachment":[{"href":"https:\/\/www.bridge4fun.pt\/index.php?rest_route=%2Fwp%2Fv2%2Fmedia&parent=707"}],"curies":[{"name":"wp","href":"https:\/\/api.w.org\/{rel}","templated":true}]}}